{"id":23667,"date":"2025-01-23T10:33:42","date_gmt":"2025-01-23T09:33:42","guid":{"rendered":"https:\/\/hausum.com\/provincies\/"},"modified":"2025-02-22T15:32:49","modified_gmt":"2025-02-22T14:32:49","slug":"provincies","status":"publish","type":"page","link":"https:\/\/hausum.com\/nl\/provincies\/","title":{"rendered":"Provincies"},"content":{"rendered":"[vc_row type=&#8221;full_width_background&#8221; full_screen_row_position=&#8221;middle&#8221; column_margin=&#8221;default&#8221; column_direction=&#8221;default&#8221; column_direction_tablet=&#8221;default&#8221; column_direction_phone=&#8221;default&#8221; bg_color=&#8221;#ffffff&#8221; scene_position=&#8221;center&#8221; bottom_padding=&#8221;50px&#8221; bottom_padding_phone=&#8221;30px&#8221; text_color=&#8221;dark&#8221; text_align=&#8221;left&#8221; row_border_radius=&#8221;none&#8221; row_border_radius_applies=&#8221;bg&#8221; overflow=&#8221;visible&#8221; overlay_strength=&#8221;0.3&#8243; gradient_direction=&#8221;left_to_right&#8221; shape_divider_position=&#8221;bottom&#8221; bg_image_animation=&#8221;none&#8221; gradient_type=&#8221;default&#8221; shape_type=&#8221;&#8221;][vc_column column_padding=&#8221;no-extra-padding&#8221; column_padding_tablet=&#8221;inherit&#8221; column_padding_phone=&#8221;inherit&#8221; column_padding_position=&#8221;all&#8221; column_element_direction_desktop=&#8221;default&#8221; column_element_spacing=&#8221;default&#8221; desktop_text_alignment=&#8221;default&#8221; tablet_text_alignment=&#8221;default&#8221; phone_text_alignment=&#8221;default&#8221; background_color_opacity=&#8221;1&#8243; background_hover_color_opacity=&#8221;1&#8243; column_backdrop_filter=&#8221;none&#8221; column_shadow=&#8221;none&#8221; column_border_radius=&#8221;none&#8221; column_link_target=&#8221;_self&#8221; column_position=&#8221;default&#8221; gradient_direction=&#8221;left_to_right&#8221; overlay_strength=&#8221;0.3&#8243; width=&#8221;1\/1&#8243; tablet_width_inherit=&#8221;default&#8221; animation_type=&#8221;default&#8221; bg_image_animation=&#8221;none&#8221; border_type=&#8221;simple&#8221; column_border_width=&#8221;none&#8221; column_border_style=&#8221;solid&#8221;][divider line_type=&#8221;No Line&#8221; custom_height=&#8221;30px&#8221; custom_height_phone=&#8221;20px&#8221;][vc_custom_heading text=&#8221;We inspecteren in alle provincies&#8221; font_container=&#8221;tag:h2|text_align:center|color:%23436c93&#8243; use_theme_fonts=&#8221;yes&#8221;][divider line_type=&#8221;No Line&#8221; custom_height=&#8221;30px&#8221; custom_height_phone=&#8221;20px&#8221;][vc_column_text]\n<div style=\"font-size: 16px;\">\n<p style=\"text-align: center;\">We bieden <strong>inspectiediensten aan in alle provincies van Spanje<\/strong>, in elke uithoek van het land. Van de grote steden tot de kleinste stadjes, onze toewijding is het garanderen van kwaliteit, veiligheid en naleving op elke locatie in het land. Of het nu in Andalusi\u00eb, Galici\u00eb, Cataloni\u00eb of een andere autonome gemeenschap is, wij staan klaar om uw behoeften met professionaliteit en nabijheid te vervullen.  <\/p>\n<\/div>\n[\/vc_column_text][divider line_type=&#8221;No Line&#8221;][vc_row_inner column_margin=&#8221;default&#8221; column_direction=&#8221;default&#8221; column_direction_tablet=&#8221;default&#8221; column_direction_phone=&#8221;default&#8221; text_align=&#8221;left&#8221; row_position=&#8221;default&#8221; row_position_tablet=&#8221;inherit&#8221; row_position_phone=&#8221;inherit&#8221; overflow=&#8221;visible&#8221; pointer_events=&#8221;all&#8221;][vc_column_inner column_padding=&#8221;padding-2-percent&#8221; column_padding_tablet=&#8221;inherit&#8221; column_padding_phone=&#8221;inherit&#8221; column_padding_position=&#8221;right&#8221; column_element_direction_desktop=&#8221;default&#8221; column_element_spacing=&#8221;default&#8221; desktop_text_alignment=&#8221;default&#8221; tablet_text_alignment=&#8221;default&#8221; phone_text_alignment=&#8221;default&#8221; background_color_opacity=&#8221;1&#8243; background_hover_color_opacity=&#8221;1&#8243; column_backdrop_filter=&#8221;none&#8221; column_shadow=&#8221;none&#8221; column_border_radius=&#8221;none&#8221; column_link_target=&#8221;_self&#8221; overflow=&#8221;visible&#8221; gradient_direction=&#8221;left_to_right&#8221; overlay_strength=&#8221;0.3&#8243; width=&#8221;1\/3&#8243; tablet_width_inherit=&#8221;default&#8221; animation_type=&#8221;default&#8221; bg_image_animation=&#8221;none&#8221; border_type=&#8221;simple&#8221; column_border_width=&#8221;none&#8221; column_border_style=&#8221;solid&#8221;][vc_column_text css=&#8221;.vc_custom_1737628092610{margin-bottom: 18px !important;}&#8221;]\n<h5>Andalusi\u00eb<\/h5>\n[\/vc_column_text][divider line_type=&#8221;No Line&#8221;]<div class=\"nectar-fancy-ul font_size_desktop_15px\" data-list-icon=\"icon-salient-thin-line\" data-animation=\"true\" data-animation-delay=\"0\" data-color=\"extra-color-3\" data-spacing=\"default\" data-alignment=\"left\"> \n<ul>\n<li><a href=\"https:\/\/hausum.com\/home-inspector\/almeria\/\">Inspecteren in Almeria<\/a><\/li>\n<li><a href=\"https:\/\/hausum.com\/home-inspector\/cadiz\/\">Inspecteren in C\u00e1diz<\/a><\/li>\n<li><a href=\"https:\/\/hausum.com\/home-inspector\/cordoba\/\">Inspecteren in C\u00f3rdoba<\/a><\/li>\n<li><a href=\"https:\/\/hausum.com\/home-inspector\/granada\/\">Inspecteren in Granada<\/a><\/li>\n<li><a href=\"https:\/\/hausum.com\/home-inspector\/huelva\/\">Inspecteren in Huelva<\/a><\/li>\n<li><a href=\"https:\/\/hausum.com\/home-inspector\/jaen\/\">Inspecteren in Ja\u00e9n<\/a><\/li>\n<li><a href=\"https:\/\/hausum.com\/home-inspector\/malaga\/\">Inspecteren in M\u00e1laga<\/a><\/li>\n<li><a href=\"https:\/\/hausum.com\/home-inspector\/sevilla\/\">Inspecteren in Sevilla<\/a><\/li>\n<\/ul>\n <\/div>[vc_column_text css=&#8221;.vc_custom_1737623502935{margin-bottom: 18px !important;}&#8221;]\n<h5>Aragon<\/h5>\n[\/vc_column_text][divider line_type=&#8221;No Line&#8221;]<div class=\"nectar-fancy-ul font_size_desktop_15px\" data-list-icon=\"icon-salient-thin-line\" data-animation=\"true\" data-animation-delay=\"0\" data-color=\"extra-color-3\" data-spacing=\"default\" data-alignment=\"left\"> \n<ul>\n<li><a href=\"https:\/\/hausum.com\/home-inspector\/huesca\/\">Inspecteren in Huesca<\/a><\/li>\n<li><a href=\"https:\/\/hausum.com\/home-inspector\/teruel\/\">Inspecteren in Teruel<\/a><\/li>\n<li><a href=\"https:\/\/hausum.com\/home-inspector\/zaragoza\/\">Inspecteren in Zaragoza<\/a><\/li>\n<\/ul>\n <\/div>[vc_column_text css=&#8221;.vc_custom_1737623894725{margin-bottom: 18px !important;}&#8221;]\n<h5>Asturi\u00eb<\/h5>\n[\/vc_column_text][divider line_type=&#8221;No Line&#8221;]<div class=\"nectar-fancy-ul font_size_desktop_15px\" data-list-icon=\"icon-salient-thin-line\" data-animation=\"true\" data-animation-delay=\"0\" data-color=\"extra-color-3\" data-spacing=\"default\" data-alignment=\"left\"> \n<ul>\n<li>Inspecteren in Asturi\u00eb<\/li>\n<\/ul>\n <\/div>[vc_column_text css=&#8221;.vc_custom_1737623932108{margin-bottom: 18px !important;}&#8221;]\n<h5>Balearen<\/h5>\n[\/vc_column_text][divider line_type=&#8221;No Line&#8221;]<div class=\"nectar-fancy-ul font_size_desktop_15px\" data-list-icon=\"icon-salient-thin-line\" data-animation=\"true\" data-animation-delay=\"0\" data-color=\"extra-color-3\" data-spacing=\"default\" data-alignment=\"left\"> \n<ul>\n<li><a href=\"https:\/\/hausum.com\/home-inspector\/mallorca\/\">Inspecteren in Balearen<\/a><\/li>\n<\/ul>\n <\/div>[vc_column_text css=&#8221;.vc_custom_1737623956964{margin-bottom: 18px !important;}&#8221;]\n<h5>Canarische Eilanden<\/h5>\n[\/vc_column_text][divider line_type=&#8221;No Line&#8221;]<div class=\"nectar-fancy-ul font_size_desktop_15px\" data-list-icon=\"icon-salient-thin-line\" data-animation=\"true\" data-animation-delay=\"0\" data-color=\"extra-color-3\" data-spacing=\"default\" data-alignment=\"left\"> \n<ul>\n<li>Inspecteren in Las Palmas<\/li>\n<li>Inspecteren in Santa Cruz de Tenerife<\/li>\n<\/ul>\n <\/div>[vc_column_text css=&#8221;.vc_custom_1737623978250{margin-bottom: 18px !important;}&#8221;]\n<h5>Cantabria<\/h5>\n[\/vc_column_text][divider line_type=&#8221;No Line&#8221;]<div class=\"nectar-fancy-ul font_size_desktop_15px\" data-list-icon=\"icon-salient-thin-line\" data-animation=\"true\" data-animation-delay=\"0\" data-color=\"extra-color-3\" data-spacing=\"default\" data-alignment=\"left\"> \n<ul>\n<li>Inspecteren in Cantabria<\/li>\n<\/ul>\n <\/div>[\/vc_column_inner][vc_column_inner column_padding=&#8221;no-extra-padding&#8221; column_padding_tablet=&#8221;inherit&#8221; column_padding_phone=&#8221;inherit&#8221; column_padding_position=&#8221;all&#8221; column_element_direction_desktop=&#8221;default&#8221; column_element_spacing=&#8221;default&#8221; desktop_text_alignment=&#8221;default&#8221; tablet_text_alignment=&#8221;default&#8221; phone_text_alignment=&#8221;default&#8221; background_color_opacity=&#8221;1&#8243; background_hover_color_opacity=&#8221;1&#8243; column_backdrop_filter=&#8221;none&#8221; column_shadow=&#8221;none&#8221; column_border_radius=&#8221;none&#8221; column_link_target=&#8221;_self&#8221; overflow=&#8221;visible&#8221; gradient_direction=&#8221;left_to_right&#8221; overlay_strength=&#8221;0.3&#8243; width=&#8221;1\/3&#8243; tablet_width_inherit=&#8221;default&#8221; animation_type=&#8221;default&#8221; bg_image_animation=&#8221;none&#8221; border_type=&#8221;simple&#8221; column_border_width=&#8221;none&#8221; column_border_style=&#8221;solid&#8221;][vc_column_text css=&#8221;.vc_custom_1737624009814{margin-bottom: 18px !important;}&#8221;]\n<h5>Castilla-La Mancha<\/h5>\n[\/vc_column_text][divider line_type=&#8221;No Line&#8221;]<div class=\"nectar-fancy-ul font_size_desktop_15px\" data-list-icon=\"icon-salient-thin-line\" data-animation=\"true\" data-animation-delay=\"0\" data-color=\"extra-color-3\" data-spacing=\"default\" data-alignment=\"left\"> \n<ul>\n<li><a href=\"https:\/\/hausum.com\/home-inspector\/albacete\/\">Inspecteren in Albacete<\/a><\/li>\n<li><a href=\"https:\/\/hausum.com\/home-inspector\/ciudad-real\/\">Inspecteren in Ciudad Real<\/a><\/li>\n<li><a href=\"https:\/\/hausum.com\/home-inspector\/cuenca\/\">Inspecteren in Cuenca<\/a><\/li>\n<li><a href=\"https:\/\/hausum.com\/home-inspector\/guadalajara\/\">Inspecteren in Guadalajara<\/a><\/li>\n<li><a href=\"https:\/\/hausum.com\/home-inspector\/toledo\/\">Inspecteren in Toledo<\/a><\/li>\n<\/ul>\n <\/div>[vc_column_text css=&#8221;.vc_custom_1737624035644{margin-bottom: 18px !important;}&#8221;]\n<h5>Castilla en Leon<\/h5>\n[\/vc_column_text][divider line_type=&#8221;No Line&#8221;]<div class=\"nectar-fancy-ul font_size_desktop_15px\" data-list-icon=\"icon-salient-thin-line\" data-animation=\"true\" data-animation-delay=\"0\" data-color=\"extra-color-3\" data-spacing=\"default\" data-alignment=\"left\"> \n<ul>\n<li><a href=\"https:\/\/hausum.com\/home-inspector\/avila\/\">Inspecteren in \u00c1vila<\/a><\/li>\n<li><a href=\"https:\/\/hausum.com\/home-inspector\/burgos\/\">Inspecteren in Burgos<\/a><\/li>\n<li><a href=\"https:\/\/hausum.com\/home-inspector\/leon\/\">Inspecteren in Le\u00f3n<\/a><\/li>\n<li><a href=\"https:\/\/hausum.com\/home-inspector\/palencia\/\">Inspecteren in Palencia<\/a><\/li>\n<li><a href=\"https:\/\/hausum.com\/home-inspector\/salamanca\/\">Inspecteren in Salamanca<\/a><\/li>\n<li><a href=\"https:\/\/hausum.com\/home-inspector\/segovia\/\">Inspecteren in Segovia<\/a><\/li>\n<li><a href=\"https:\/\/hausum.com\/home-inspector\/soria\/\">Inspecteren in Soria<\/a><\/li>\n<li><a href=\"https:\/\/hausum.com\/home-inspector\/valladolid\/\">Inspecteren in Valladolid<\/a><\/li>\n<li><a href=\"https:\/\/hausum.com\/home-inspector\/zamora\/\">Inspecteren in Zamora<\/a><\/li>\n<\/ul>\n <\/div>[vc_column_text css=&#8221;.vc_custom_1737624399487{margin-bottom: 18px !important;}&#8221;]\n<h5>Cataloni\u00eb<\/h5>\n[\/vc_column_text][divider line_type=&#8221;No Line&#8221;]<div class=\"nectar-fancy-ul font_size_desktop_15px\" data-list-icon=\"icon-salient-thin-line\" data-animation=\"true\" data-animation-delay=\"0\" data-color=\"extra-color-3\" data-spacing=\"default\" data-alignment=\"left\"> \n<ul>\n<li><a href=\"https:\/\/hausum.com\/home-inspector\/barcelona\/\">Inspecteren in Barcelona<\/a><\/li>\n<li><a href=\"https:\/\/hausum.com\/home-inspector\/girona\/\">Inspecteren in Girona<\/a><\/li>\n<li><a href=\"https:\/\/hausum.com\/home-inspector\/lleida\/\">Inspecteren in Lleida<\/a><\/li>\n<li><a href=\"https:\/\/hausum.com\/home-inspector\/tarragona\/\">Inspecteren in Tarragona<\/a><\/li>\n<\/ul>\n <\/div>[vc_column_text css=&#8221;.vc_custom_1737624411151{margin-bottom: 18px !important;}&#8221;]\n<h5>Extremadura<\/h5>\n[\/vc_column_text][divider line_type=&#8221;No Line&#8221;]<div class=\"nectar-fancy-ul font_size_desktop_15px\" data-list-icon=\"icon-salient-thin-line\" data-animation=\"true\" data-animation-delay=\"0\" data-color=\"extra-color-3\" data-spacing=\"default\" data-alignment=\"left\"> \n<ul>\n<li><a href=\"https:\/\/hausum.com\/home-inspector\/badajoz\/\">Inspecteren in Badajoz<\/a><\/li>\n<li><a href=\"https:\/\/hausum.com\/home-inspector\/caceres\/\">Inspecteren in C\u00e1ceres<\/a><\/li>\n<\/ul>\n <\/div>[\/vc_column_inner][vc_column_inner column_padding=&#8221;no-extra-padding&#8221; column_padding_tablet=&#8221;inherit&#8221; column_padding_phone=&#8221;inherit&#8221; column_padding_position=&#8221;all&#8221; column_element_direction_desktop=&#8221;default&#8221; column_element_spacing=&#8221;default&#8221; desktop_text_alignment=&#8221;default&#8221; tablet_text_alignment=&#8221;default&#8221; phone_text_alignment=&#8221;default&#8221; background_color_opacity=&#8221;1&#8243; background_hover_color_opacity=&#8221;1&#8243; column_backdrop_filter=&#8221;none&#8221; column_shadow=&#8221;none&#8221; column_border_radius=&#8221;none&#8221; column_link_target=&#8221;_self&#8221; overflow=&#8221;visible&#8221; gradient_direction=&#8221;left_to_right&#8221; overlay_strength=&#8221;0.3&#8243; width=&#8221;1\/3&#8243; tablet_width_inherit=&#8221;default&#8221; animation_type=&#8221;default&#8221; bg_image_animation=&#8221;none&#8221; border_type=&#8221;simple&#8221; column_border_width=&#8221;none&#8221; column_border_style=&#8221;solid&#8221;][vc_column_text css=&#8221;.vc_custom_1737624420842{margin-bottom: 18px !important;}&#8221;]\n<h5>Galicia<\/h5>\n[\/vc_column_text][divider line_type=&#8221;No Line&#8221;]<div class=\"nectar-fancy-ul font_size_desktop_15px\" data-list-icon=\"icon-salient-thin-line\" data-animation=\"true\" data-animation-delay=\"0\" data-color=\"extra-color-3\" data-spacing=\"default\" data-alignment=\"left\"> \n<ul>\n<li>Inspecteren in A Coru\u00f1a<\/li>\n<li><a href=\"https:\/\/hausum.com\/home-inspector\/lugo\/\">Inspecteren in Lugo<\/a><\/li>\n<li>Inspecteren in Ourense<\/li>\n<li><a href=\"https:\/\/hausum.com\/home-inspector\/pontevedra\/\">Inspecteren in Pontevedra<\/a><\/li>\n<\/ul>\n <\/div>[vc_column_text css=&#8221;.vc_custom_1737624430735{margin-bottom: 18px !important;}&#8221;]\n<h5>Madrid<\/h5>\n[\/vc_column_text][divider line_type=&#8221;No Line&#8221;]<div class=\"nectar-fancy-ul font_size_desktop_15px\" data-list-icon=\"icon-salient-thin-line\" data-animation=\"true\" data-animation-delay=\"0\" data-color=\"extra-color-3\" data-spacing=\"default\" data-alignment=\"left\"> \n<ul>\n<li><a href=\"https:\/\/hausum.com\/home-inspector\/madrid\/\">Inspecteren in Madrid<\/a><\/li>\n<\/ul>\n <\/div>[vc_column_text css=&#8221;.vc_custom_1737624442976{margin-bottom: 18px !important;}&#8221;]\n<h5>Murcia<\/h5>\n[\/vc_column_text][divider line_type=&#8221;No Line&#8221;]<div class=\"nectar-fancy-ul font_size_desktop_15px\" data-list-icon=\"icon-salient-thin-line\" data-animation=\"true\" data-animation-delay=\"0\" data-color=\"extra-color-3\" data-spacing=\"default\" data-alignment=\"left\"> \n<ul>\n<li>Inspecteren in Murcia<\/li>\n<\/ul>\n <\/div>[vc_column_text css=&#8221;.vc_custom_1737624455127{margin-bottom: 18px !important;}&#8221;]\n<h5>Navarra<\/h5>\n[\/vc_column_text][divider line_type=&#8221;No Line&#8221;]<div class=\"nectar-fancy-ul font_size_desktop_15px\" data-list-icon=\"icon-salient-thin-line\" data-animation=\"true\" data-animation-delay=\"0\" data-color=\"extra-color-3\" data-spacing=\"default\" data-alignment=\"left\"> \n<ul>\n<li>Inspecteren in Navarra<\/li>\n<\/ul>\n <\/div>[vc_column_text css=&#8221;.vc_custom_1737624465440{margin-bottom: 18px !important;}&#8221;]\n<h5>La Rioja<\/h5>\n[\/vc_column_text][divider line_type=&#8221;No Line&#8221;]<div class=\"nectar-fancy-ul font_size_desktop_15px\" data-list-icon=\"icon-salient-thin-line\" data-animation=\"true\" data-animation-delay=\"0\" data-color=\"extra-color-3\" data-spacing=\"default\" data-alignment=\"left\"> \n<ul>\n<li>Inspecteren in La Rioja<\/li>\n<\/ul>\n <\/div>[vc_column_text css=&#8221;.vc_custom_1737624477447{margin-bottom: 18px !important;}&#8221;]\n<h5>Baskenland<\/h5>\n[\/vc_column_text][divider line_type=&#8221;No Line&#8221;]<div class=\"nectar-fancy-ul font_size_desktop_15px\" data-list-icon=\"icon-salient-thin-line\" data-animation=\"true\" data-animation-delay=\"0\" data-color=\"extra-color-3\" data-spacing=\"default\" data-alignment=\"left\"> \n<ul>\n<li>Inspecteren in \u00c1lava<\/li>\n<li>Inspecteren in Gipuzkoa<\/li>\n<li>Inspecteren in Bizkaia<\/li>\n<\/ul>\n <\/div>[vc_column_text css=&#8221;.vc_custom_1737624515798{margin-bottom: 18px !important;}&#8221;]\n<h5>Valencia (Valenciaanse Gemeenschap)<\/h5>\n[\/vc_column_text][divider line_type=&#8221;No Line&#8221;]<div class=\"nectar-fancy-ul font_size_desktop_15px\" data-list-icon=\"icon-salient-thin-line\" data-animation=\"true\" data-animation-delay=\"0\" data-color=\"extra-color-3\" data-spacing=\"default\" data-alignment=\"left\"> \n<ul>\n<li><a href=\"https:\/\/hausum.com\/home-inspector\/alicante\/\">Inspecteren in Alicante<\/a><\/li>\n<li><a href=\"https:\/\/hausum.com\/home-inspector\/castellon\/\">Inspecteren in Castell\u00f3n<\/a><\/li>\n<li><a href=\"https:\/\/hausum.com\/home-inspector\/valencia\/\">Inspecteren in Valencia<\/a><\/li>\n<\/ul>\n <\/div>[\/vc_column_inner][\/vc_row_inner][\/vc_column][\/vc_row]\n","protected":false},"excerpt":{"rendered":"<p>[vc_row type=&#8221;full_width_background&#8221; full_screen_row_position=&#8221;middle&#8221; column_margin=&#8221;default&#8221; column_direction=&#8221;default&#8221; column_direction_tablet=&#8221;default&#8221; column_direction_phone=&#8221;default&#8221; bg_color=&#8221;#ffffff&#8221; scene_position=&#8221;center&#8221; bottom_padding=&#8221;50px&#8221; bottom_padding_phone=&#8221;30px&#8221; text_color=&#8221;dark&#8221; text_align=&#8221;left&#8221; row_border_radius=&#8221;none&#8221; row_border_radius_applies=&#8221;bg&#8221; overflow=&#8221;visible&#8221; overlay_strength=&#8221;0.3&#8243; gradient_direction=&#8221;left_to_right&#8221; shape_divider_position=&#8221;bottom&#8221; bg_image_animation=&#8221;none&#8221; gradient_type=&#8221;default&#8221; shape_type=&#8221;&#8221;][vc_column column_padding=&#8221;no-extra-padding&#8221; column_padding_tablet=&#8221;inherit&#8221; column_padding_phone=&#8221;inherit&#8221; column_padding_position=&#8221;all&#8221; column_element_direction_desktop=&#8221;default&#8221; column_element_spacing=&#8221;default&#8221; desktop_text_alignment=&#8221;default&#8221; tablet_text_alignment=&#8221;default&#8221;&#8230;<\/p>\n","protected":false},"author":1,"featured_media":0,"parent":0,"menu_order":0,"comment_status":"closed","ping_status":"closed","template":"","meta":{"_acf_changed":false,"inline_featured_image":false,"footnotes":""},"class_list":["post-23667","page","type-page","status-publish"],"acf":[],"_links":{"self":[{"href":"https:\/\/hausum.com\/nl\/wp-json\/wp\/v2\/pages\/23667","targetHints":{"allow":["GET"]}}],"collection":[{"href":"https:\/\/hausum.com\/nl\/wp-json\/wp\/v2\/pages"}],"about":[{"href":"https:\/\/hausum.com\/nl\/wp-json\/wp\/v2\/types\/page"}],"author":[{"embeddable":true,"href":"https:\/\/hausum.com\/nl\/wp-json\/wp\/v2\/users\/1"}],"replies":[{"embeddable":true,"href":"https:\/\/hausum.com\/nl\/wp-json\/wp\/v2\/comments?post=23667"}],"version-history":[{"count":2,"href":"https:\/\/hausum.com\/nl\/wp-json\/wp\/v2\/pages\/23667\/revisions"}],"predecessor-version":[{"id":23669,"href":"https:\/\/hausum.com\/nl\/wp-json\/wp\/v2\/pages\/23667\/revisions\/23669"}],"wp:attachment":[{"href":"https:\/\/hausum.com\/nl\/wp-json\/wp\/v2\/media?parent=23667"}],"curies":[{"name":"wp","href":"https:\/\/api.w.org\/{rel}","templated":true}]}}