{"id":61392,"date":"2026-05-15T08:43:45","date_gmt":"2026-05-15T06:43:45","guid":{"rendered":"https:\/\/hausum.com\/avis-juridique\/"},"modified":"2026-05-15T09:07:56","modified_gmt":"2026-05-15T07:07:56","slug":"avis-juridique","status":"publish","type":"page","link":"https:\/\/hausum.com\/fr\/avis-juridique\/","title":{"rendered":"Avis juridique"},"content":{"rendered":"[vc_row type=\u00a0\u00bbin_container\u00a0\u00bb full_screen_row_position=\u00a0\u00bbmiddle\u00a0\u00bb column_margin=\u00a0\u00bbdefault\u00a0\u00bb column_direction=\u00a0\u00bbdefault\u00a0\u00bb column_direction_tablet=\u00a0\u00bbdefault\u00a0\u00bb column_direction_phone=\u00a0\u00bbdefault\u00a0\u00bb scene_position=\u00a0\u00bbcenter\u00a0\u00bb text_color=\u00a0\u00bbdark\u00a0\u00bb text_align=\u00a0\u00bbleft\u00a0\u00bb row_border_radius=\u00a0\u00bbnone\u00a0\u00bb row_border_radius_applies=\u00a0\u00bbbg\u00a0\u00bb overflow=\u00a0\u00bbvisible\u00a0\u00bb overlay_strength=\u00a0\u00bb0.3&Prime; gradient_direction=\u00a0\u00bbleft_to_right\u00a0\u00bb shape_divider_position=\u00a0\u00bbbottom\u00a0\u00bb bg_image_animation=\u00a0\u00bbnone\u00a0\u00bb][vc_column column_padding=\u00a0\u00bbno-extra-padding\u00a0\u00bb column_padding_tablet=\u00a0\u00bbinherit\u00a0\u00bb column_padding_phone=\u00a0\u00bbinherit\u00a0\u00bb column_padding_position=\u00a0\u00bball\u00a0\u00bb column_element_direction_desktop=\u00a0\u00bbdefault\u00a0\u00bb column_element_spacing=\u00a0\u00bbdefault\u00a0\u00bb desktop_text_alignment=\u00a0\u00bbdefault\u00a0\u00bb tablet_text_alignment=\u00a0\u00bbdefault\u00a0\u00bb phone_text_alignment=\u00a0\u00bbdefault\u00a0\u00bb background_color_opacity=\u00a0\u00bb1&Prime; background_hover_color_opacity=\u00a0\u00bb1&Prime; column_backdrop_filter=\u00a0\u00bbnone\u00a0\u00bb column_shadow=\u00a0\u00bbnone\u00a0\u00bb column_border_radius=\u00a0\u00bbnone\u00a0\u00bb column_link_target=\u00a0\u00bb_self\u00a0\u00bb column_position=\u00a0\u00bbdefault\u00a0\u00bb gradient_direction=\u00a0\u00bbleft_to_right\u00a0\u00bb overlay_strength=\u00a0\u00bb0.3&Prime; width=\u00a0\u00bb1\/1&Prime; tablet_width_inherit=\u00a0\u00bbdefault\u00a0\u00bb animation_type=\u00a0\u00bbdefault\u00a0\u00bb bg_image_animation=\u00a0\u00bbnone\u00a0\u00bb border_type=\u00a0\u00bbsimple\u00a0\u00bb column_border_width=\u00a0\u00bbnone\u00a0\u00bb column_border_style=\u00a0\u00bbsolid\u00a0\u00bb][vc_custom_heading text=\u00a0\u00bbAvis juridique\u00a0\u00bb font_container=\u00a0\u00bbtag:h1|text_align:center\u00a0\u00bb use_theme_fonts=\u00a0\u00bbyes\u00a0\u00bb][divider line_type=\u00a0\u00bbNo Line\u00a0\u00bb custom_height=\u00a0\u00bb30px\u00a0\u00bb][vc_custom_heading text=\u00a0\u00bb1. Identification du titulaire\u00a0\u00bb use_theme_fonts=\u00a0\u00bbyes\u00a0\u00bb][vc_column_text]Conform\u00e9ment \u00e0 la loi 34\/2002 du 11 juillet relative aux services de la soci\u00e9t\u00e9 de l&rsquo;information et au commerce \u00e9lectronique, l&rsquo;utilisateur est inform\u00e9 que le propri\u00e9taire du site web www.hausum.com est la soci\u00e9t\u00e9 HAUSUM et que ses informations d&rsquo;identification sont les suivantes :[\/vc_column_text][vc_column_text]\n<ul>\n<li>Identit\u00e9 : MERLEX BUSINESS, S.L. (ci-apr\u00e8s HAUSUM)<\/li>\n<li>NIF: B05434592<\/li>\n<li>Adresse : Diputaci\u00f3n 170, rez-de-chauss\u00e9e &#8211; 08028 Barcelone<\/li>\n<li>E-mail: info@hausum.com<\/li>\n<li>D\u00e9tails d&rsquo;enregistrement au Registre du Commerce de Barcelone, Volume 47824, Folio 150 et FEUILLE : B563358.<\/li>\n<\/ul>\n[\/vc_column_text][vc_custom_heading text=\u00a0\u00bb2. Acc\u00e9dez au site web\u00a0\u00bb use_theme_fonts=\u00a0\u00bbyes\u00a0\u00bb][divider line_type=\u00a0\u00bbNo Line\u00a0\u00bb custom_height=\u00a0\u00bb30px\u00a0\u00bb][vc_column_text]Les mentions l\u00e9gales r\u00e9gissent l&rsquo;acc\u00e8s au site web et son utilisation par les utilisateurs, et visent \u00e0 faire conna\u00eetre les services de l&rsquo;entit\u00e9 et \u00e0 permettre un acc\u00e8s g\u00e9n\u00e9ral \u00e0 tous les internautes.[\/vc_column_text][vc_column_text]L\u2019acc\u00e8s au Site Web et\/ou son utilisation conf\u00e8rent \u00e0 la personne qui y acc\u00e8de le statut d\u2019utilisateur et impliquent l\u2019acceptation, sans r\u00e9serve d\u2019aucune sorte, de chacune des pr\u00e9sentes conditions g\u00e9n\u00e9rales, ainsi que des autres conditions particuli\u00e8res qui, le cas \u00e9ch\u00e9ant, r\u00e9gissent l\u2019utilisation du Portail ou des services qui y sont li\u00e9s.[\/vc_column_text][vc_column_text]Avant d&rsquo;utiliser le Site Web, les utilisateurs doivent lire attentivement les Mentions l\u00e9gales et la Politique de confidentialit\u00e9 et de cookies, car HAUSUM se r\u00e9serve le droit de modifier ou de mettre \u00e0 jour \u00e0 tout moment et sans pr\u00e9avis le contenu et les services, les pr\u00e9sentes conditions d&rsquo;acc\u00e8s et d&rsquo;utilisation, ainsi que, de mani\u00e8re g\u00e9n\u00e9rale, tous les \u00e9l\u00e9ments composant la conception et la configuration de son Site Web. Si vous n&rsquo;acceptez pas les conditions d&rsquo;acc\u00e8s et d&rsquo;utilisation, veuillez vous abstenir d&rsquo;utiliser le Site Web et son contenu.[\/vc_column_text][vc_custom_heading text=\u00a0\u00bb3. Utilisation du site web\u00a0\u00bb use_theme_fonts=\u00a0\u00bbyes\u00a0\u00bb][divider line_type=\u00a0\u00bbNo Line\u00a0\u00bb custom_height=\u00a0\u00bb30px\u00a0\u00bb][vc_column_text]L\u2019utilisateur s\u2019engage \u00e0 faire un usage diligent du Site Web, ainsi que des informations relatives \u00e0 ses services et activit\u00e9s, dans le respect total de la r\u00e9glementation applicable, des bonnes m\u0153urs et de l\u2019ordre public g\u00e9n\u00e9ralement admis, des conditions d\u2019acc\u00e8s et d\u2019utilisation et de toutes autres conditions \u00e9tablies sur le Site Web.[\/vc_column_text][vc_column_text]De plus, vous acceptez de vous abstenir d&rsquo;utiliser tout contenu \u00e0 des fins illicites ou \u00e0 des fins interdites dans ce texte, pr\u00e9judiciables aux droits et int\u00e9r\u00eats de tiers, ou qui pourraient de quelque mani\u00e8re que ce soit endommager, d\u00e9sactiver, surcharger, alt\u00e9rer ou emp\u00eacher l&rsquo;utilisation normale du contenu, des autres utilisateurs ou de tout utilisateur d&rsquo;Internet (mat\u00e9riel et logiciel).[\/vc_column_text][vc_custom_heading text=\u00a0\u00bb4. Fonctionnement du site web\u00a0\u00bb use_theme_fonts=\u00a0\u00bbyes\u00a0\u00bb][vc_column_text]En cas de non-respect des conditions des Mentions l\u00e9gales ou des Politiques de confidentialit\u00e9 et de cookies, HAUSUM se r\u00e9serve le droit de limiter, suspendre et\/ou refuser l&rsquo;acc\u00e8s \u00e0 son site web, en prenant les mesures techniques n\u00e9cessaires \u00e0 cette fin. HAUSUM mettra tout en \u0153uvre pour assurer le bon fonctionnement du site web, pr\u00e9venir et corriger les erreurs, et maintenir son contenu \u00e0 jour.<br \/>Toutefois, HAUSUM ne garantit ni la disponibilit\u00e9 et l&rsquo;acc\u00e8s ininterrompu au site web, ni l&rsquo;absence d&rsquo;erreurs dans son contenu.[\/vc_column_text][vc_custom_heading text=\u00a0\u00bb5. Responsabilit\u00e9\u00a0\u00bb use_theme_fonts=\u00a0\u00bbyes\u00a0\u00bb][divider line_type=\u00a0\u00bbNo Line\u00a0\u00bb custom_height=\u00a0\u00bb30px\u00a0\u00bb][vc_column_text]L&rsquo;utilisateur est seul responsable de l&rsquo;utilisation qui peut \u00eatre faite de toute information ou m\u00e9canisme pr\u00e9sent sur le site Web.[\/vc_column_text][vc_column_text]HAUSUM d\u00e9cline toute responsabilit\u00e9 en cas de dommages caus\u00e9s au mat\u00e9riel et\/ou aux logiciels de l&rsquo;utilisateur suite \u00e0 l&rsquo;acc\u00e8s au Site Web et \u00e0 son utilisation. De m\u00eame, HAUSUM d\u00e9cline toute responsabilit\u00e9 en cas de dommages ou de pertes pouvant r\u00e9sulter de l&rsquo;acc\u00e8s aux informations pr\u00e9sentes sur le Site Web et\/ou de leur utilisation, et notamment en cas de dysfonctionnements des syst\u00e8mes informatiques ou de dommages caus\u00e9s par des virus ou des cyberattaques, des pannes, des interruptions, une absence ou un dysfonctionnement des communications et\/ou d&rsquo;Internet.[\/vc_column_text][vc_column_text]L\u2019utilisateur sera responsable de tous dommages et\/ou pertes que HAUSUM pourrait subir en raison du non-respect de l\u2019une quelconque des obligations auxquelles il est soumis par le biais des pr\u00e9sentes mentions l\u00e9gales, de la r\u00e9glementation applicable et de la politique de confidentialit\u00e9 et de cookies.[\/vc_column_text][vc_custom_heading text=\u00a0\u00bb6. Politique relative aux \u00ab liens \u00bb (Liens et sites web li\u00e9s)\u00a0\u00bb use_theme_fonts=\u00a0\u00bbyes\u00a0\u00bb][divider line_type=\u00a0\u00bbNo Line\u00a0\u00bb custom_height=\u00a0\u00bb30px\u00a0\u00bb][vc_column_text]Lien vers ce site web<br \/>Les tiers qui souhaitent inclure un lien vers cette page sur leur site web doivent se conformer \u00e0 la l\u00e9gislation en vigueur et ne peuvent h\u00e9berger de contenu inappropri\u00e9, ill\u00e9gal, pornographique, violent, etc.[\/vc_column_text][vc_column_text]HAUSUM n&rsquo;est en aucun cas responsable du contenu du site Web et ne le promeut, ne le garantit, ne le supervise ni ne le recommande.[\/vc_column_text][vc_column_text]Si le site web proposant le lien ne respecte pas l&rsquo;un des points ci-dessus, il sera tenu de supprimer imm\u00e9diatement le lien.[\/vc_column_text][vc_column_text]Liens vers des sites web externes<br \/>Ce site web peut contenir des liens vers des sites web tiers permettant aux utilisateurs d&rsquo;y acc\u00e9der. Toutefois, HAUSUM d\u00e9cline toute responsabilit\u00e9 quant au contenu de ces sites web externes ; il appartient aux utilisateurs de consulter et d&rsquo;accepter les conditions d&rsquo;acc\u00e8s \u00e0 chaque fois qu&rsquo;ils les visitent.[\/vc_column_text][vc_column_text]Ces liens ou mentions ont pour but de ne pas impliquer de soutien, d&rsquo;approbation, de commercialisation ou de relation quelconque entre la page et les personnes ou entit\u00e9s propri\u00e9taires des lieux o\u00f9 ils se trouvent.[\/vc_column_text][vc_custom_heading text=\u00a0\u00bb7. Propri\u00e9t\u00e9 intellectuelle et industrielle sur le contenu\u00a0\u00bb use_theme_fonts=\u00a0\u00bbyes\u00a0\u00bb][divider line_type=\u00a0\u00bbNo Line\u00a0\u00bb custom_height=\u00a0\u00bb30px\u00a0\u00bb][vc_column_text]\n<p>HAUSUM, ou ses conc\u00e9dants de licence, d\u00e9tiennent tous les droits de propri\u00e9t\u00e9 intellectuelle sur le contenu du site Web, y compris tous les designs, bases de donn\u00e9es, programmes informatiques sous-jacents (y compris le code source), ainsi que les diff\u00e9rents \u00e9l\u00e9ments qui composent le site Web (textes, graphiques, photographies, vid\u00e9os, couleurs, etc.), sa structure, sa mise en page, etc. Les marques de commerce et les noms commerciaux (\u00ab signes distinctifs \u00bb) appartiennent \u00e0 HAUSUM ou \u00e0 ses conc\u00e9dants de licence. <\/p>\n<p>L\u2019utilisation du Site par l\u2019utilisateur n\u2019entra\u00eene aucun transfert de droits de propri\u00e9t\u00e9 intellectuelle ou industrielle. Il est strictement interdit \u00e0 l\u2019utilisateur de reproduire, copier, distribuer, mettre \u00e0 disposition ou communiquer publiquement, transformer ou modifier le Contenu ou les Marques, sauf autorisation du titulaire des droits correspondants ou autorisation l\u00e9gale.<\/p>\n[\/vc_column_text][vc_custom_heading text=\u00a0\u00bb8. Publicit\u00e9\u00a0\u00bb use_theme_fonts=\u00a0\u00bbyes\u00a0\u00bb][divider line_type=\u00a0\u00bbNo Line\u00a0\u00bb custom_height=\u00a0\u00bb30px\u00a0\u00bb][vc_column_text]Le site web peut contenir de la publicit\u00e9 ou du contenu sponsoris\u00e9. Les annonceurs ou les sponsors sont seuls responsables de s&rsquo;assurer que le contenu soumis pour publication sur le site web est conforme \u00e0 toutes les lois applicables. <\/p>\n<p>HAUSUM ne sera pas responsable des erreurs, inexactitudes ou irr\u00e9gularit\u00e9s pouvant figurer dans les publicit\u00e9s ou le contenu des sponsors.<\/p>\n[\/vc_column_text][vc_custom_heading text=\u00a0\u00bb9. L\u00e9gislation applicable\u00a0\u00bb use_theme_fonts=\u00a0\u00bbyes\u00a0\u00bb][divider line_type=\u00a0\u00bbNo Line\u00a0\u00bb custom_height=\u00a0\u00bb30px\u00a0\u00bb][vc_column_text]\n<p>Les pr\u00e9sentes mentions l\u00e9gales sont r\u00e9gies par le droit espagnol et interpr\u00e9t\u00e9es conform\u00e9ment \u00e0 celui-ci.<br \/>Tout litige relatif \u00e0 l&rsquo;acc\u00e8s \u00e0 ce site web sera soumis aux juridictions comp\u00e9tentes en mati\u00e8re de protection des consommateurs.<\/p>\n[\/vc_column_text][vc_custom_heading text=\u00a0\u00bb10. Contact\u00a0\u00bb use_theme_fonts=\u00a0\u00bbyes\u00a0\u00bb][divider line_type=\u00a0\u00bbNo Line\u00a0\u00bb custom_height=\u00a0\u00bb30px\u00a0\u00bb][vc_column_text]Pour toute question ou remarque concernant cet avis juridique, vous pouvez nous contacter par courriel \u00e0 l&rsquo;adresse <a href=\"mailto:info@hausum.com\">info@hausum.com<\/a>.[\/vc_column_text][divider line_type=\u00a0\u00bbNo Line\u00a0\u00bb custom_height=\u00a0\u00bb50px\u00a0\u00bb][\/vc_column][\/vc_row]\n","protected":false},"excerpt":{"rendered":"<p>[vc_row type=\u00a0\u00bbin_container\u00a0\u00bb full_screen_row_position=\u00a0\u00bbmiddle\u00a0\u00bb column_margin=\u00a0\u00bbdefault\u00a0\u00bb column_direction=\u00a0\u00bbdefault\u00a0\u00bb column_direction_tablet=\u00a0\u00bbdefault\u00a0\u00bb column_direction_phone=\u00a0\u00bbdefault\u00a0\u00bb scene_position=\u00a0\u00bbcenter\u00a0\u00bb text_color=\u00a0\u00bbdark\u00a0\u00bb text_align=\u00a0\u00bbleft\u00a0\u00bb row_border_radius=\u00a0\u00bbnone\u00a0\u00bb row_border_radius_applies=\u00a0\u00bbbg\u00a0\u00bb overflow=\u00a0\u00bbvisible\u00a0\u00bb overlay_strength=\u00a0\u00bb0.3&Prime; gradient_direction=\u00a0\u00bbleft_to_right\u00a0\u00bb shape_divider_position=\u00a0\u00bbbottom\u00a0\u00bb bg_image_animation=\u00a0\u00bbnone\u00a0\u00bb][vc_column column_padding=\u00a0\u00bbno-extra-padding\u00a0\u00bb column_padding_tablet=\u00a0\u00bbinherit\u00a0\u00bb column_padding_phone=\u00a0\u00bbinherit\u00a0\u00bb column_padding_position=\u00a0\u00bball\u00a0\u00bb column_element_direction_desktop=\u00a0\u00bbdefault\u00a0\u00bb column_element_spacing=\u00a0\u00bbdefault\u00a0\u00bb desktop_text_alignment=\u00a0\u00bbdefault\u00a0\u00bb tablet_text_alignment=\u00a0\u00bbdefault\u00a0\u00bb phone_text_alignment=\u00a0\u00bbdefault\u00a0\u00bb background_color_opacity=\u00a0\u00bb1&Prime; background_hover_color_opacity=\u00a0\u00bb1&Prime; column_backdrop_filter=\u00a0\u00bbnone\u00a0\u00bb column_shadow=\u00a0\u00bbnone\u00a0\u00bb&#8230;<\/p>\n","protected":false},"author":68,"featured_media":0,"parent":0,"menu_order":0,"comment_status":"closed","ping_status":"closed","template":"","meta":{"_acf_changed":false,"inline_featured_image":false,"footnotes":""},"class_list":["post-61392","page","type-page","status-publish"],"acf":[],"_links":{"self":[{"href":"https:\/\/hausum.com\/fr\/wp-json\/wp\/v2\/pages\/61392","targetHints":{"allow":["GET"]}}],"collection":[{"href":"https:\/\/hausum.com\/fr\/wp-json\/wp\/v2\/pages"}],"about":[{"href":"https:\/\/hausum.com\/fr\/wp-json\/wp\/v2\/types\/page"}],"author":[{"embeddable":true,"href":"https:\/\/hausum.com\/fr\/wp-json\/wp\/v2\/users\/68"}],"replies":[{"embeddable":true,"href":"https:\/\/hausum.com\/fr\/wp-json\/wp\/v2\/comments?post=61392"}],"version-history":[{"count":2,"href":"https:\/\/hausum.com\/fr\/wp-json\/wp\/v2\/pages\/61392\/revisions"}],"predecessor-version":[{"id":61394,"href":"https:\/\/hausum.com\/fr\/wp-json\/wp\/v2\/pages\/61392\/revisions\/61394"}],"wp:attachment":[{"href":"https:\/\/hausum.com\/fr\/wp-json\/wp\/v2\/media?parent=61392"}],"curies":[{"name":"wp","href":"https:\/\/api.w.org\/{rel}","templated":true}]}}