{"id":19307,"date":"2025-01-23T10:33:42","date_gmt":"2025-01-23T09:33:42","guid":{"rendered":"https:\/\/hausum.com\/?page_id=19307"},"modified":"2025-02-20T14:31:56","modified_gmt":"2025-02-20T13:31:56","slug":"home-inspector-4","status":"publish","type":"page","link":"https:\/\/hausum.com\/fr\/home-inspector-4\/","title":{"rendered":"Provinces"},"content":{"rendered":"[vc_row type=\u00a0\u00bbfull_width_background\u00a0\u00bb full_screen_row_position=\u00a0\u00bbmiddle\u00a0\u00bb column_margin=\u00a0\u00bbdefault\u00a0\u00bb column_direction=\u00a0\u00bbdefault\u00a0\u00bb column_direction_tablet=\u00a0\u00bbdefault\u00a0\u00bb column_direction_phone=\u00a0\u00bbdefault\u00a0\u00bb bg_color=\u00a0\u00bb#ffffff\u00a0\u00bb scene_position=\u00a0\u00bbcenter\u00a0\u00bb bottom_padding=\u00a0\u00bb50px\u00a0\u00bb bottom_padding_phone=\u00a0\u00bb30px\u00a0\u00bb text_color=\u00a0\u00bbdark\u00a0\u00bb text_align=\u00a0\u00bbleft\u00a0\u00bb row_border_radius=\u00a0\u00bbnone\u00a0\u00bb row_border_radius_applies=\u00a0\u00bbbg\u00a0\u00bb overflow=\u00a0\u00bbvisible\u00a0\u00bb overlay_strength=\u00a0\u00bb0.3&Prime; gradient_direction=\u00a0\u00bbleft_to_right\u00a0\u00bb shape_divider_position=\u00a0\u00bbbottom\u00a0\u00bb bg_image_animation=\u00a0\u00bbnone\u00a0\u00bb gradient_type=\u00a0\u00bbdefault\u00a0\u00bb shape_type=\u00a0\u00bb\u00a0\u00bb][vc_column column_padding=\u00a0\u00bbno-extra-padding\u00a0\u00bb column_padding_tablet=\u00a0\u00bbinherit\u00a0\u00bb column_padding_phone=\u00a0\u00bbinherit\u00a0\u00bb column_padding_position=\u00a0\u00bball\u00a0\u00bb column_element_direction_desktop=\u00a0\u00bbdefault\u00a0\u00bb column_element_spacing=\u00a0\u00bbdefault\u00a0\u00bb desktop_text_alignment=\u00a0\u00bbdefault\u00a0\u00bb tablet_text_alignment=\u00a0\u00bbdefault\u00a0\u00bb phone_text_alignment=\u00a0\u00bbdefault\u00a0\u00bb background_color_opacity=\u00a0\u00bb1&Prime; background_hover_color_opacity=\u00a0\u00bb1&Prime; column_backdrop_filter=\u00a0\u00bbnone\u00a0\u00bb column_shadow=\u00a0\u00bbnone\u00a0\u00bb column_border_radius=\u00a0\u00bbnone\u00a0\u00bb column_link_target=\u00a0\u00bb_self\u00a0\u00bb column_position=\u00a0\u00bbdefault\u00a0\u00bb gradient_direction=\u00a0\u00bbleft_to_right\u00a0\u00bb overlay_strength=\u00a0\u00bb0.3&Prime; width=\u00a0\u00bb1\/1&Prime; tablet_width_inherit=\u00a0\u00bbdefault\u00a0\u00bb animation_type=\u00a0\u00bbdefault\u00a0\u00bb bg_image_animation=\u00a0\u00bbnone\u00a0\u00bb border_type=\u00a0\u00bbsimple\u00a0\u00bb column_border_width=\u00a0\u00bbnone\u00a0\u00bb column_border_style=\u00a0\u00bbsolid\u00a0\u00bb][divider line_type=\u00a0\u00bbNo Line\u00a0\u00bb custom_height=\u00a0\u00bb30px\u00a0\u00bb custom_height_phone=\u00a0\u00bb20px\u00a0\u00bb][vc_custom_heading text=\u00a0\u00bbNous inspectons dans toutes les provinces\u00a0\u00bb font_container=\u00a0\u00bbtag:h2|text_align:center|color:%23436c93&Prime; use_theme_fonts=\u00a0\u00bbyes\u00a0\u00bb][divider line_type=\u00a0\u00bbNo Line\u00a0\u00bb custom_height=\u00a0\u00bb30px\u00a0\u00bb custom_height_phone=\u00a0\u00bb20px\u00a0\u00bb][vc_column_text]\n<div style=\"font-size: 16px;\">\n<p style=\"text-align: center;\">Nous proposons des services d&rsquo;<strong>inspection dans toutes les provinces d&rsquo;Espagne<\/strong>, couvrant tous les coins du pays. Des grandes villes aux plus petits villages, notre engagement est de garantir la qualit\u00e9, la s\u00e9curit\u00e9 et la conformit\u00e9 dans n&rsquo;importe quel endroit du pays. Que ce soit en Andalousie, en Galice, en Catalogne ou dans toute autre communaut\u00e9 autonome, nous sommes pr\u00eats \u00e0 r\u00e9pondre \u00e0 vos besoins avec professionnalisme et proximit\u00e9.  <\/p>\n<\/div>\n[\/vc_column_text][divider line_type=\u00a0\u00bbNo Line\u00a0\u00bb][vc_row_inner column_margin=\u00a0\u00bbdefault\u00a0\u00bb column_direction=\u00a0\u00bbdefault\u00a0\u00bb column_direction_tablet=\u00a0\u00bbdefault\u00a0\u00bb column_direction_phone=\u00a0\u00bbdefault\u00a0\u00bb text_align=\u00a0\u00bbleft\u00a0\u00bb row_position=\u00a0\u00bbdefault\u00a0\u00bb row_position_tablet=\u00a0\u00bbinherit\u00a0\u00bb row_position_phone=\u00a0\u00bbinherit\u00a0\u00bb overflow=\u00a0\u00bbvisible\u00a0\u00bb pointer_events=\u00a0\u00bball\u00a0\u00bb][vc_column_inner column_padding=\u00a0\u00bbpadding-2-percent\u00a0\u00bb column_padding_tablet=\u00a0\u00bbinherit\u00a0\u00bb column_padding_phone=\u00a0\u00bbinherit\u00a0\u00bb column_padding_position=\u00a0\u00bbright\u00a0\u00bb column_element_direction_desktop=\u00a0\u00bbdefault\u00a0\u00bb column_element_spacing=\u00a0\u00bbdefault\u00a0\u00bb desktop_text_alignment=\u00a0\u00bbdefault\u00a0\u00bb tablet_text_alignment=\u00a0\u00bbdefault\u00a0\u00bb phone_text_alignment=\u00a0\u00bbdefault\u00a0\u00bb background_color_opacity=\u00a0\u00bb1&Prime; background_hover_color_opacity=\u00a0\u00bb1&Prime; column_backdrop_filter=\u00a0\u00bbnone\u00a0\u00bb column_shadow=\u00a0\u00bbnone\u00a0\u00bb column_border_radius=\u00a0\u00bbnone\u00a0\u00bb column_link_target=\u00a0\u00bb_self\u00a0\u00bb overflow=\u00a0\u00bbvisible\u00a0\u00bb gradient_direction=\u00a0\u00bbleft_to_right\u00a0\u00bb overlay_strength=\u00a0\u00bb0.3&Prime; width=\u00a0\u00bb1\/3&Prime; tablet_width_inherit=\u00a0\u00bbdefault\u00a0\u00bb animation_type=\u00a0\u00bbdefault\u00a0\u00bb bg_image_animation=\u00a0\u00bbnone\u00a0\u00bb border_type=\u00a0\u00bbsimple\u00a0\u00bb column_border_width=\u00a0\u00bbnone\u00a0\u00bb column_border_style=\u00a0\u00bbsolid\u00a0\u00bb][vc_column_text css=\u00a0\u00bb.vc_custom_1737628092610{margin-bottom: 18px !important;}\u00a0\u00bb]\n<h5>Andalucia<\/h5>\n[\/vc_column_text][divider line_type=\u00a0\u00bbNo Line\u00a0\u00bb]<div class=\"nectar-fancy-ul font_size_desktop_15px\" data-list-icon=\"icon-salient-thin-line\" data-animation=\"true\" data-animation-delay=\"0\" data-color=\"extra-color-3\" data-spacing=\"default\" data-alignment=\"left\"> \n<ul>\n<li><a href=\"https:\/\/hausum.com\/home-inspector\/almeria\/\">Inspecter \u00e0 Almeria<\/a><\/li>\n<li><a href=\"https:\/\/hausum.com\/home-inspector\/cadiz\/\">Inspecter \u00e0 C\u00e1diz<\/a><\/li>\n<li><a href=\"https:\/\/hausum.com\/home-inspector\/cordoba\/\">Inspecter \u00e0 C\u00f3rdoba<\/a><\/li>\n<li><a href=\"https:\/\/hausum.com\/home-inspector\/granada\/\">Inspecter \u00e0 Granada<\/a><\/li>\n<li><a href=\"https:\/\/hausum.com\/home-inspector\/huelva\/\">Inspecter \u00e0 Huelva<\/a><\/li>\n<li><a href=\"https:\/\/hausum.com\/home-inspector\/jaen\/\">Inspecter \u00e0 Ja\u00e9n<\/a><\/li>\n<li><a href=\"https:\/\/hausum.com\/home-inspector\/malaga\/\">Inspecter \u00e0 M\u00e1laga<\/a><\/li>\n<li><a href=\"https:\/\/hausum.com\/home-inspector\/sevilla\/\">Inspecter \u00e0 Sevilla<\/a><\/li>\n<\/ul>\n <\/div>[vc_column_text css=\u00a0\u00bb.vc_custom_1737623502935{margin-bottom: 18px !important;}\u00a0\u00bb]\n<h5>Arag\u00f3n<\/h5>\n[\/vc_column_text][divider line_type=\u00a0\u00bbNo Line\u00a0\u00bb]<div class=\"nectar-fancy-ul font_size_desktop_15px\" data-list-icon=\"icon-salient-thin-line\" data-animation=\"true\" data-animation-delay=\"0\" data-color=\"extra-color-3\" data-spacing=\"default\" data-alignment=\"left\"> \n<ul>\n<li><a href=\"https:\/\/hausum.com\/home-inspector\/huesca\/\">Inspecter \u00e0 Huesca<\/a><\/li>\n<li><a href=\"https:\/\/hausum.com\/home-inspector\/teruel\/\">Inspecter \u00e0 Teruel<\/a><\/li>\n<li><a href=\"https:\/\/hausum.com\/home-inspector\/zaragoza\/\">Inspecter \u00e0 Zaragoza<\/a><\/li>\n<\/ul>\n <\/div>[vc_column_text css=\u00a0\u00bb.vc_custom_1737623894725{margin-bottom: 18px !important;}\u00a0\u00bb]\n<h5>Asturias<\/h5>\n[\/vc_column_text][divider line_type=\u00a0\u00bbNo Line\u00a0\u00bb]<div class=\"nectar-fancy-ul font_size_desktop_15px\" data-list-icon=\"icon-salient-thin-line\" data-animation=\"true\" data-animation-delay=\"0\" data-color=\"extra-color-3\" data-spacing=\"default\" data-alignment=\"left\"> \n<ul>\n<li>Inspecter \u00e0 Asturias<\/li>\n<\/ul>\n <\/div>[vc_column_text css=\u00a0\u00bb.vc_custom_1737623932108{margin-bottom: 18px !important;}\u00a0\u00bb]\n<h5>\u00celes Bal\u00e9ares<\/h5>\n[\/vc_column_text][divider line_type=\u00a0\u00bbNo Line\u00a0\u00bb]<div class=\"nectar-fancy-ul font_size_desktop_15px\" data-list-icon=\"icon-salient-thin-line\" data-animation=\"true\" data-animation-delay=\"0\" data-color=\"extra-color-3\" data-spacing=\"default\" data-alignment=\"left\"> \n<ul>\n<li><a href=\"https:\/\/hausum.com\/home-inspector\/mallorca\/\">Inspecter \u00e0 \u00celes Bal\u00e9ares<\/a><\/li>\n<\/ul>\n <\/div>[vc_column_text css=\u00a0\u00bb.vc_custom_1737623956964{margin-bottom: 18px !important;}\u00a0\u00bb]\n<h5>Canarias<\/h5>\n[\/vc_column_text][divider line_type=\u00a0\u00bbNo Line\u00a0\u00bb]<div class=\"nectar-fancy-ul font_size_desktop_15px\" data-list-icon=\"icon-salient-thin-line\" data-animation=\"true\" data-animation-delay=\"0\" data-color=\"extra-color-3\" data-spacing=\"default\" data-alignment=\"left\"> \n<ul>\n<li>Inspecter \u00e0 Las Palmas<\/li>\n<li>Inspecter \u00e0 Santa Cruz de Tenerife<\/li>\n<\/ul>\n <\/div>[vc_column_text css=\u00a0\u00bb.vc_custom_1737623978250{margin-bottom: 18px !important;}\u00a0\u00bb]\n<h5>Cantabria<\/h5>\n[\/vc_column_text][divider line_type=\u00a0\u00bbNo Line\u00a0\u00bb]<div class=\"nectar-fancy-ul font_size_desktop_15px\" data-list-icon=\"icon-salient-thin-line\" data-animation=\"true\" data-animation-delay=\"0\" data-color=\"extra-color-3\" data-spacing=\"default\" data-alignment=\"left\"> \n<ul>\n<li>Inspecter \u00e0 Cantabria<\/li>\n<\/ul>\n <\/div>[\/vc_column_inner][vc_column_inner column_padding=\u00a0\u00bbno-extra-padding\u00a0\u00bb column_padding_tablet=\u00a0\u00bbinherit\u00a0\u00bb column_padding_phone=\u00a0\u00bbinherit\u00a0\u00bb column_padding_position=\u00a0\u00bball\u00a0\u00bb column_element_direction_desktop=\u00a0\u00bbdefault\u00a0\u00bb column_element_spacing=\u00a0\u00bbdefault\u00a0\u00bb desktop_text_alignment=\u00a0\u00bbdefault\u00a0\u00bb tablet_text_alignment=\u00a0\u00bbdefault\u00a0\u00bb phone_text_alignment=\u00a0\u00bbdefault\u00a0\u00bb background_color_opacity=\u00a0\u00bb1&Prime; background_hover_color_opacity=\u00a0\u00bb1&Prime; column_backdrop_filter=\u00a0\u00bbnone\u00a0\u00bb column_shadow=\u00a0\u00bbnone\u00a0\u00bb column_border_radius=\u00a0\u00bbnone\u00a0\u00bb column_link_target=\u00a0\u00bb_self\u00a0\u00bb overflow=\u00a0\u00bbvisible\u00a0\u00bb gradient_direction=\u00a0\u00bbleft_to_right\u00a0\u00bb overlay_strength=\u00a0\u00bb0.3&Prime; width=\u00a0\u00bb1\/3&Prime; tablet_width_inherit=\u00a0\u00bbdefault\u00a0\u00bb animation_type=\u00a0\u00bbdefault\u00a0\u00bb bg_image_animation=\u00a0\u00bbnone\u00a0\u00bb border_type=\u00a0\u00bbsimple\u00a0\u00bb column_border_width=\u00a0\u00bbnone\u00a0\u00bb column_border_style=\u00a0\u00bbsolid\u00a0\u00bb][vc_column_text css=\u00a0\u00bb.vc_custom_1737624009814{margin-bottom: 18px !important;}\u00a0\u00bb]\n<h5>Castilla-La Mancha<\/h5>\n[\/vc_column_text][divider line_type=\u00a0\u00bbNo Line\u00a0\u00bb]<div class=\"nectar-fancy-ul font_size_desktop_15px\" data-list-icon=\"icon-salient-thin-line\" data-animation=\"true\" data-animation-delay=\"0\" data-color=\"extra-color-3\" data-spacing=\"default\" data-alignment=\"left\"> \n<ul>\n<li><a href=\"https:\/\/hausum.com\/home-inspector\/albacete\/\">Inspecter \u00e0 Albacete<\/a><\/li>\n<li><a href=\"https:\/\/hausum.com\/home-inspector\/ciudad-real\/\">Inspecter \u00e0 Ciudad Real<\/a><\/li>\n<li><a href=\"https:\/\/hausum.com\/home-inspector\/cuenca\/\">Inspecter \u00e0 Cuenca<\/a><\/li>\n<li><a href=\"https:\/\/hausum.com\/home-inspector\/guadalajara\/\">Inspecter \u00e0 Guadalajara<\/a><\/li>\n<li><a href=\"https:\/\/hausum.com\/home-inspector\/toledo\/\">Inspecter \u00e0 Toledo<\/a><\/li>\n<\/ul>\n <\/div>[vc_column_text css=\u00a0\u00bb.vc_custom_1737624035644{margin-bottom: 18px !important;}\u00a0\u00bb]\n<h5>Castilla y Le\u00f3n<\/h5>\n[\/vc_column_text][divider line_type=\u00a0\u00bbNo Line\u00a0\u00bb]<div class=\"nectar-fancy-ul font_size_desktop_15px\" data-list-icon=\"icon-salient-thin-line\" data-animation=\"true\" data-animation-delay=\"0\" data-color=\"extra-color-3\" data-spacing=\"default\" data-alignment=\"left\"> \n<ul>\n<li><a href=\"https:\/\/hausum.com\/home-inspector\/avila\/\">Inspecter \u00e0 \u00c1vila<\/a><\/li>\n<li><a href=\"https:\/\/hausum.com\/home-inspector\/burgos\/\">Inspecter \u00e0 Burgos<\/a><\/li>\n<li><a href=\"https:\/\/hausum.com\/home-inspector\/leon\/\">Inspecter \u00e0 Le\u00f3n<\/a><\/li>\n<li><a href=\"https:\/\/hausum.com\/home-inspector\/palencia\/\">Inspecter \u00e0 Palencia<\/a><\/li>\n<li><a href=\"https:\/\/hausum.com\/home-inspector\/salamanca\/\">Inspecter \u00e0 Salamanca<\/a><\/li>\n<li><a href=\"https:\/\/hausum.com\/home-inspector\/segovia\/\">Inspecter \u00e0 Segovia<\/a><\/li>\n<li><a href=\"https:\/\/hausum.com\/home-inspector\/soria\/\">Inspecter \u00e0 Soria<\/a><\/li>\n<li><a href=\"https:\/\/hausum.com\/home-inspector\/valladolid\/\">Inspecter \u00e0 Valladolid<\/a><\/li>\n<li><a href=\"https:\/\/hausum.com\/home-inspector\/zamora\/\">Inspecter \u00e0 Zamora<\/a><\/li>\n<\/ul>\n <\/div>[vc_column_text css=\u00a0\u00bb.vc_custom_1737624399487{margin-bottom: 18px !important;}\u00a0\u00bb]\n<h5>Catalogne<\/h5>\n[\/vc_column_text][divider line_type=\u00a0\u00bbNo Line\u00a0\u00bb]<div class=\"nectar-fancy-ul font_size_desktop_15px\" data-list-icon=\"icon-salient-thin-line\" data-animation=\"true\" data-animation-delay=\"0\" data-color=\"extra-color-3\" data-spacing=\"default\" data-alignment=\"left\"> \n<ul>\n<li><a href=\"https:\/\/hausum.com\/home-inspector\/barcelona\/\">Inspecter \u00e0 Barcelona<\/a><\/li>\n<li><a href=\"https:\/\/hausum.com\/home-inspector\/girona\/\">Inspecter \u00e0 Girona<\/a><\/li>\n<li><a href=\"https:\/\/hausum.com\/home-inspector\/lleida\/\">Inspecter \u00e0 Lleida<\/a><\/li>\n<li><a href=\"https:\/\/hausum.com\/home-inspector\/tarragona\/\">Inspecter \u00e0 Tarragona<\/a><\/li>\n<\/ul>\n <\/div>[vc_column_text css=\u00a0\u00bb.vc_custom_1737624411151{margin-bottom: 18px !important;}\u00a0\u00bb]\n<h5>Extremadura<\/h5>\n[\/vc_column_text][divider line_type=\u00a0\u00bbNo Line\u00a0\u00bb]<div class=\"nectar-fancy-ul font_size_desktop_15px\" data-list-icon=\"icon-salient-thin-line\" data-animation=\"true\" data-animation-delay=\"0\" data-color=\"extra-color-3\" data-spacing=\"default\" data-alignment=\"left\"> \n<ul>\n<li><a href=\"https:\/\/hausum.com\/home-inspector\/badajoz\/\">Inspecter \u00e0 Badajoz<\/a><\/li>\n<li><a href=\"https:\/\/hausum.com\/home-inspector\/caceres\/\">Inspecter \u00e0 C\u00e1ceres<\/a><\/li>\n<\/ul>\n <\/div>[\/vc_column_inner][vc_column_inner column_padding=\u00a0\u00bbno-extra-padding\u00a0\u00bb column_padding_tablet=\u00a0\u00bbinherit\u00a0\u00bb column_padding_phone=\u00a0\u00bbinherit\u00a0\u00bb column_padding_position=\u00a0\u00bball\u00a0\u00bb column_element_direction_desktop=\u00a0\u00bbdefault\u00a0\u00bb column_element_spacing=\u00a0\u00bbdefault\u00a0\u00bb desktop_text_alignment=\u00a0\u00bbdefault\u00a0\u00bb tablet_text_alignment=\u00a0\u00bbdefault\u00a0\u00bb phone_text_alignment=\u00a0\u00bbdefault\u00a0\u00bb background_color_opacity=\u00a0\u00bb1&Prime; background_hover_color_opacity=\u00a0\u00bb1&Prime; column_backdrop_filter=\u00a0\u00bbnone\u00a0\u00bb column_shadow=\u00a0\u00bbnone\u00a0\u00bb column_border_radius=\u00a0\u00bbnone\u00a0\u00bb column_link_target=\u00a0\u00bb_self\u00a0\u00bb overflow=\u00a0\u00bbvisible\u00a0\u00bb gradient_direction=\u00a0\u00bbleft_to_right\u00a0\u00bb overlay_strength=\u00a0\u00bb0.3&Prime; width=\u00a0\u00bb1\/3&Prime; tablet_width_inherit=\u00a0\u00bbdefault\u00a0\u00bb animation_type=\u00a0\u00bbdefault\u00a0\u00bb bg_image_animation=\u00a0\u00bbnone\u00a0\u00bb border_type=\u00a0\u00bbsimple\u00a0\u00bb column_border_width=\u00a0\u00bbnone\u00a0\u00bb column_border_style=\u00a0\u00bbsolid\u00a0\u00bb][vc_column_text css=\u00a0\u00bb.vc_custom_1737624420842{margin-bottom: 18px !important;}\u00a0\u00bb]\n<h5>Galicia<\/h5>\n[\/vc_column_text][divider line_type=\u00a0\u00bbNo Line\u00a0\u00bb]<div class=\"nectar-fancy-ul font_size_desktop_15px\" data-list-icon=\"icon-salient-thin-line\" data-animation=\"true\" data-animation-delay=\"0\" data-color=\"extra-color-3\" data-spacing=\"default\" data-alignment=\"left\"> \n<ul>\n<li>Inspecter \u00e0 A Coru\u00f1a<\/li>\n<li><a href=\"https:\/\/hausum.com\/home-inspector\/lugo\/\">Inspecter \u00e0 Lugo<\/a><\/li>\n<li>Inspecter \u00e0 Ourense<\/li>\n<li><a href=\"https:\/\/hausum.com\/home-inspector\/pontevedra\/\">Inspecter \u00e0 Pontevedra<\/a><\/li>\n<\/ul>\n <\/div>[vc_column_text css=\u00a0\u00bb.vc_custom_1737624430735{margin-bottom: 18px !important;}\u00a0\u00bb]\n<h5>Madrid<\/h5>\n[\/vc_column_text][divider line_type=\u00a0\u00bbNo Line\u00a0\u00bb]<div class=\"nectar-fancy-ul font_size_desktop_15px\" data-list-icon=\"icon-salient-thin-line\" data-animation=\"true\" data-animation-delay=\"0\" data-color=\"extra-color-3\" data-spacing=\"default\" data-alignment=\"left\"> \n<ul>\n<li><a href=\"https:\/\/hausum.com\/home-inspector\/madrid\/\">Inspecter \u00e0 Madrid<\/a><\/li>\n<\/ul>\n <\/div>[vc_column_text css=\u00a0\u00bb.vc_custom_1737624442976{margin-bottom: 18px !important;}\u00a0\u00bb]\n<h5>Murcia<\/h5>\n[\/vc_column_text][divider line_type=\u00a0\u00bbNo Line\u00a0\u00bb]<div class=\"nectar-fancy-ul font_size_desktop_15px\" data-list-icon=\"icon-salient-thin-line\" data-animation=\"true\" data-animation-delay=\"0\" data-color=\"extra-color-3\" data-spacing=\"default\" data-alignment=\"left\"> \n<ul>\n<li>Inspecter \u00e0 Murcia<\/li>\n<\/ul>\n <\/div>[vc_column_text css=\u00a0\u00bb.vc_custom_1737624455127{margin-bottom: 18px !important;}\u00a0\u00bb]\n<h5>Navarra<\/h5>\n[\/vc_column_text][divider line_type=\u00a0\u00bbNo Line\u00a0\u00bb]<div class=\"nectar-fancy-ul font_size_desktop_15px\" data-list-icon=\"icon-salient-thin-line\" data-animation=\"true\" data-animation-delay=\"0\" data-color=\"extra-color-3\" data-spacing=\"default\" data-alignment=\"left\"> \n<ul>\n<li>Inspecter \u00e0 Navarra<\/li>\n<\/ul>\n <\/div>[vc_column_text css=\u00a0\u00bb.vc_custom_1737624465440{margin-bottom: 18px !important;}\u00a0\u00bb]\n<h5>La Rioja<\/h5>\n[\/vc_column_text][divider line_type=\u00a0\u00bbNo Line\u00a0\u00bb]<div class=\"nectar-fancy-ul font_size_desktop_15px\" data-list-icon=\"icon-salient-thin-line\" data-animation=\"true\" data-animation-delay=\"0\" data-color=\"extra-color-3\" data-spacing=\"default\" data-alignment=\"left\"> \n<ul>\n<li>Inspecter \u00e0 La Rioja<\/li>\n<\/ul>\n <\/div>[vc_column_text css=\u00a0\u00bb.vc_custom_1737624477447{margin-bottom: 18px !important;}\u00a0\u00bb]\n<h5>Pays Basque<\/h5>\n[\/vc_column_text][divider line_type=\u00a0\u00bbNo Line\u00a0\u00bb]<div class=\"nectar-fancy-ul font_size_desktop_15px\" data-list-icon=\"icon-salient-thin-line\" data-animation=\"true\" data-animation-delay=\"0\" data-color=\"extra-color-3\" data-spacing=\"default\" data-alignment=\"left\"> \n<ul>\n<li>Inspecter \u00e0 \u00c1lava<\/li>\n<li>Inspecter \u00e0 Gipuzkoa<\/li>\n<li>Inspecter \u00e0 Bizkaia<\/li>\n<\/ul>\n <\/div>[vc_column_text css=\u00a0\u00bb.vc_custom_1737624515798{margin-bottom: 18px !important;}\u00a0\u00bb]\n<h5>Valence (Communaut\u00e9 valencienne)<\/h5>\n[\/vc_column_text][divider line_type=\u00a0\u00bbNo Line\u00a0\u00bb]<div class=\"nectar-fancy-ul font_size_desktop_15px\" data-list-icon=\"icon-salient-thin-line\" data-animation=\"true\" data-animation-delay=\"0\" data-color=\"extra-color-3\" data-spacing=\"default\" data-alignment=\"left\"> \n<ul>\n<li><a href=\"https:\/\/hausum.com\/home-inspector\/alicante\/\">Inspecter \u00e0 Alicante<\/a><\/li>\n<li><a href=\"https:\/\/hausum.com\/home-inspector\/castellon\/\">Inspecter \u00e0 Castell\u00f3n<\/a><\/li>\n<li><a href=\"https:\/\/hausum.com\/home-inspector\/valencia\/\">Inspecter \u00e0 Valence<\/a><\/li>\n<\/ul>\n <\/div>[\/vc_column_inner][\/vc_row_inner][\/vc_column][\/vc_row]\n","protected":false},"excerpt":{"rendered":"<p>[vc_row type=\u00a0\u00bbfull_width_background\u00a0\u00bb full_screen_row_position=\u00a0\u00bbmiddle\u00a0\u00bb column_margin=\u00a0\u00bbdefault\u00a0\u00bb column_direction=\u00a0\u00bbdefault\u00a0\u00bb column_direction_tablet=\u00a0\u00bbdefault\u00a0\u00bb column_direction_phone=\u00a0\u00bbdefault\u00a0\u00bb bg_color=\u00a0\u00bb#ffffff\u00a0\u00bb scene_position=\u00a0\u00bbcenter\u00a0\u00bb bottom_padding=\u00a0\u00bb50px\u00a0\u00bb bottom_padding_phone=\u00a0\u00bb30px\u00a0\u00bb text_color=\u00a0\u00bbdark\u00a0\u00bb text_align=\u00a0\u00bbleft\u00a0\u00bb row_border_radius=\u00a0\u00bbnone\u00a0\u00bb row_border_radius_applies=\u00a0\u00bbbg\u00a0\u00bb overflow=\u00a0\u00bbvisible\u00a0\u00bb overlay_strength=\u00a0\u00bb0.3&Prime; gradient_direction=\u00a0\u00bbleft_to_right\u00a0\u00bb shape_divider_position=\u00a0\u00bbbottom\u00a0\u00bb bg_image_animation=\u00a0\u00bbnone\u00a0\u00bb gradient_type=\u00a0\u00bbdefault\u00a0\u00bb shape_type=\u00a0\u00bb\u00a0\u00bb][vc_column column_padding=\u00a0\u00bbno-extra-padding\u00a0\u00bb column_padding_tablet=\u00a0\u00bbinherit\u00a0\u00bb column_padding_phone=\u00a0\u00bbinherit\u00a0\u00bb column_padding_position=\u00a0\u00bball\u00a0\u00bb column_element_direction_desktop=\u00a0\u00bbdefault\u00a0\u00bb column_element_spacing=\u00a0\u00bbdefault\u00a0\u00bb desktop_text_alignment=\u00a0\u00bbdefault\u00a0\u00bb tablet_text_alignment=\u00a0\u00bbdefault\u00a0\u00bb&#8230;<\/p>\n","protected":false},"author":1,"featured_media":0,"parent":0,"menu_order":0,"comment_status":"closed","ping_status":"closed","template":"","meta":{"_acf_changed":false,"inline_featured_image":false,"footnotes":""},"class_list":["post-19307","page","type-page","status-publish"],"acf":[],"_links":{"self":[{"href":"https:\/\/hausum.com\/fr\/wp-json\/wp\/v2\/pages\/19307","targetHints":{"allow":["GET"]}}],"collection":[{"href":"https:\/\/hausum.com\/fr\/wp-json\/wp\/v2\/pages"}],"about":[{"href":"https:\/\/hausum.com\/fr\/wp-json\/wp\/v2\/types\/page"}],"author":[{"embeddable":true,"href":"https:\/\/hausum.com\/fr\/wp-json\/wp\/v2\/users\/1"}],"replies":[{"embeddable":true,"href":"https:\/\/hausum.com\/fr\/wp-json\/wp\/v2\/comments?post=19307"}],"version-history":[{"count":4,"href":"https:\/\/hausum.com\/fr\/wp-json\/wp\/v2\/pages\/19307\/revisions"}],"predecessor-version":[{"id":23198,"href":"https:\/\/hausum.com\/fr\/wp-json\/wp\/v2\/pages\/19307\/revisions\/23198"}],"wp:attachment":[{"href":"https:\/\/hausum.com\/fr\/wp-json\/wp\/v2\/media?parent=19307"}],"curies":[{"name":"wp","href":"https:\/\/api.w.org\/{rel}","templated":true}]}}