{"id":61400,"date":"2026-05-15T08:43:45","date_gmt":"2026-05-15T06:43:45","guid":{"rendered":"https:\/\/hausum.com\/rechtlicher-hinweis\/"},"modified":"2026-05-15T09:11:55","modified_gmt":"2026-05-15T07:11:55","slug":"rechtlicher-hinweis","status":"publish","type":"page","link":"https:\/\/hausum.com\/de\/rechtlicher-hinweis\/","title":{"rendered":"Rechtlicher Hinweis"},"content":{"rendered":"[vc_row type=&#8220;in_container&#8220; full_screen_row_position=&#8220;middle&#8220; column_margin=&#8220;default&#8220; column_direction=&#8220;default&#8220; column_direction_tablet=&#8220;default&#8220; column_direction_phone=&#8220;default&#8220; scene_position=&#8220;center&#8220; text_color=&#8220;dark&#8220; text_align=&#8220;left&#8220; row_border_radius=&#8220;none&#8220; row_border_radius_applies=&#8220;bg&#8220; overflow=&#8220;visible&#8220; overlay_strength=&#8220;0.3&#8243; gradient_direction=&#8220;left_to_right&#8220; shape_divider_position=&#8220;bottom&#8220; bg_image_animation=&#8220;none&#8220;][vc_column column_padding=&#8220;no-extra-padding&#8220; column_padding_tablet=&#8220;inherit&#8220; column_padding_phone=&#8220;inherit&#8220; column_padding_position=&#8220;all&#8220; column_element_direction_desktop=&#8220;default&#8220; column_element_spacing=&#8220;default&#8220; desktop_text_alignment=&#8220;default&#8220; tablet_text_alignment=&#8220;default&#8220; phone_text_alignment=&#8220;default&#8220; background_color_opacity=&#8220;1&#8243; background_hover_color_opacity=&#8220;1&#8243; column_backdrop_filter=&#8220;none&#8220; column_shadow=&#8220;none&#8220; column_border_radius=&#8220;none&#8220; column_link_target=&#8220;_self&#8220; column_position=&#8220;default&#8220; gradient_direction=&#8220;left_to_right&#8220; overlay_strength=&#8220;0.3&#8243; width=&#8220;1\/1&#8243; tablet_width_inherit=&#8220;default&#8220; animation_type=&#8220;default&#8220; bg_image_animation=&#8220;none&#8220; border_type=&#8220;simple&#8220; column_border_width=&#8220;none&#8220; column_border_style=&#8220;solid&#8220;][vc_custom_heading text=&#8220;Rechtlicher Hinweis&#8220; font_container=&#8220;tag:h1|text_align:center&#8220; use_theme_fonts=&#8220;yes&#8220;][divider line_type=&#8220;No Line&#8220; custom_height=&#8220;30px&#8220;][vc_custom_heading text=&#8220;1. Identifizierung des Inhabers&#8220; use_theme_fonts=&#8220;yes&#8220;][vc_column_text]Gem\u00e4\u00df Gesetz 34\/2002 vom 11. Juli \u00fcber Dienste der Informationsgesellschaft und des elektronischen Gesch\u00e4ftsverkehrs wird der Nutzer dar\u00fcber informiert, dass der Inhaber der Website www.hausum.com die Firma HAUSUM ist und deren Identifikationsdaten wie folgt lauten:[\/vc_column_text][vc_column_text]\n<ul>\n<li>Identit\u00e4t: MERLEX BUSINESS, S.L. (nachfolgend HAUSUM)<\/li>\n<li>NIF: B05434592<\/li>\n<li>Adresse: Diputaci\u00f3n 170, Erdgeschoss \u2013 08028 Barcelona<\/li>\n<li>E-Mail: info@hausum.com<\/li>\n<li>Eintragungsdetails im Handelsregister von Barcelona, \u200b\u200bBand 47824, Folio 150 und Blatt: B563358.<\/li>\n<\/ul>\n[\/vc_column_text][vc_custom_heading text=&#8220;2. Rufen Sie die Website auf.&#8220; use_theme_fonts=&#8220;yes&#8220;][divider line_type=&#8220;No Line&#8220; custom_height=&#8220;30px&#8220;][vc_column_text]Der Rechtshinweis regelt den Zugang und die Nutzung der Website durch die Nutzer und hat zum Ziel, die Dienstleistungen des Unternehmens bekannt zu machen und allen Internetnutzern einen allgemeinen Zugang zu erm\u00f6glichen.[\/vc_column_text][vc_column_text]Der Zugriff auf und\/oder die Nutzung der Website verleiht der Person, die dies tut, den Status eines Benutzers und die vorbehaltlose Annahme s\u00e4mtlicher dieser allgemeinen Bedingungen sowie gegebenenfalls der besonderen Bedingungen, die die Nutzung des Portals oder der damit verbundenen Dienste regeln.[\/vc_column_text][vc_column_text]Nutzer m\u00fcssen die rechtlichen Hinweise sowie die Datenschutz- und Cookie-Richtlinien sorgf\u00e4ltig lesen, bevor sie die Website nutzen, da HAUSUM sich das Recht vorbeh\u00e4lt, die Inhalte und Dienste, diese Zugangs- und Nutzungsbestimmungen sowie allgemein alle Elemente des Designs und der Konfiguration der Website jederzeit und ohne vorherige Ank\u00fcndigung zu \u00e4ndern oder zu aktualisieren. Wenn Sie den Zugangs- und Nutzungsbedingungen nicht zustimmen, sehen Sie bitte von der Nutzung der Website und ihrer Inhalte ab.[\/vc_column_text][vc_custom_heading text=&#8220;3. Nutzung der Website&#8220; use_theme_fonts=&#8220;yes&#8220;][divider line_type=&#8220;No Line&#8220; custom_height=&#8220;30px&#8220;][vc_column_text]Der Nutzer verpflichtet sich, die Website sowie die Informationen \u00fcber ihre Dienstleistungen und Aktivit\u00e4ten sorgf\u00e4ltig und unter voller \u00dcbereinstimmung mit den geltenden Vorschriften, den allgemein anerkannten Sitten und Gebr\u00e4uchen sowie der \u00f6ffentlichen Ordnung, den Zugangs- und Nutzungsbedingungen und allen anderen auf der Website festgelegten Bedingungen zu nutzen.[\/vc_column_text][vc_column_text]Ferner stimmen Sie zu, die Inhalte nicht f\u00fcr rechtswidrige Zwecke oder Auswirkungen zu nutzen, die in diesem Text verboten sind, die Rechte und Interessen Dritter verletzen oder die in irgendeiner Weise die normale Nutzung der Inhalte, anderer Benutzer oder anderer Internetnutzer (Hardware und Software) beeintr\u00e4chtigen, deaktivieren, \u00fcberlasten oder verhindern k\u00f6nnen.[\/vc_column_text][vc_custom_heading text=&#8220;4. So funktioniert die Website&#8220; use_theme_fonts=&#8220;yes&#8220;][vc_column_text]Bei Nichteinhaltung der Bestimmungen des Rechtshinweises oder der Datenschutz- und Cookie-Richtlinien beh\u00e4lt sich HAUSUM das Recht vor, den Zugriff auf die Website einzuschr\u00e4nken, auszusetzen und\/oder zu verweigern und hierf\u00fcr alle erforderlichen technischen Ma\u00dfnahmen zu ergreifen. HAUSUM ist bestrebt, die Website ordnungsgem\u00e4\u00df zu betreiben, Fehler zu vermeiden, zu beheben und die Inhalte aktuell zu halten.<br \/>HAUSUM \u00fcbernimmt jedoch keine Gew\u00e4hr f\u00fcr die Verf\u00fcgbarkeit und den ununterbrochenen Zugriff auf die Website oder die Fehlerfreiheit ihrer Inhalte.[\/vc_column_text][vc_custom_heading text=&#8220;5. Verantwortung&#8220; use_theme_fonts=&#8220;yes&#8220;][divider line_type=&#8220;No Line&#8220; custom_height=&#8220;30px&#8220;][vc_column_text]Der Nutzer tr\u00e4gt die alleinige Verantwortung f\u00fcr die Verwendung jeglicher Informationen oder Mechanismen auf der Website.[\/vc_column_text][vc_column_text]HAUSUM haftet nicht f\u00fcr Sch\u00e4den an der Hardware und\/oder Software des Nutzers, die durch den Zugriff auf und die Nutzung der Website entstehen. Ebenso haftet HAUSUM nicht f\u00fcr Sch\u00e4den oder Verluste, die durch den Zugriff auf und\/oder die Nutzung der Informationen auf der Website verursacht werden, insbesondere nicht f\u00fcr Sch\u00e4den an Computersystemen oder solche, die durch Viren oder Cyberangriffe, Ausf\u00e4lle, Unterbrechungen, St\u00f6rungen oder M\u00e4ngel der Kommunikation und\/oder des Internets verursacht werden.[\/vc_column_text][vc_column_text]Der Nutzer haftet f\u00fcr alle Sch\u00e4den und\/oder Verluste, die HAUSUM aufgrund der Verletzung einer der Verpflichtungen entstehen, denen er gem\u00e4\u00df diesem Rechtshinweis, den geltenden Vorschriften und der Datenschutz- und Cookie-Richtlinie unterliegt.[\/vc_column_text][vc_custom_heading text=&#8220;6. Richtlinie zu \u201eLinks\u201c (Verlinkung und verlinkte Webseiten)&#8220; use_theme_fonts=&#8220;yes&#8220;][divider line_type=&#8220;No Line&#8220; custom_height=&#8220;30px&#8220;][vc_column_text]Verlinkung der Website<br \/>\nDritte, die einen Link zu dieser Seite auf ihrer Website einf\u00fcgen m\u00f6chten, m\u00fcssen die geltenden Gesetze einhalten und d\u00fcrfen keine Inhalte ver\u00f6ffentlichen, die unangemessen, illegal, pornografisch, gewaltt\u00e4tig usw. sind.[\/vc_column_text][vc_column_text]HAUSUM ist unter keinen Umst\u00e4nden f\u00fcr den Inhalt der Website verantwortlich und f\u00f6rdert, garantiert, \u00fcberwacht oder empfiehlt dessen Inhalte auch nicht.[\/vc_column_text][vc_column_text]Sollte die verlinkende Website eine der oben genannten Anforderungen nicht erf\u00fcllen, ist sie verpflichtet, den Link unverz\u00fcglich zu entfernen.[\/vc_column_text][vc_column_text]Verlinkte Websites<br \/>\nDiese Website kann Links zu Websites Dritter enthalten, die den Zugriff erm\u00f6glichen. HAUSUM ist jedoch nicht f\u00fcr die Inhalte dieser verlinkten Websites verantwortlich; die Nutzer sind selbst daf\u00fcr verantwortlich, die Nutzungsbedingungen bei jedem Besuch zu pr\u00fcfen und zu akzeptieren.[\/vc_column_text][vc_column_text]Solche Links oder Erw\u00e4hnungen haben einen Zweck, der keine Unterst\u00fctzung, Billigung, Kommerzialisierung oder irgendeine Beziehung zwischen der Seite und den Personen oder Organisationen impliziert, denen die Orte geh\u00f6ren, an denen sie sich befinden.[\/vc_column_text][vc_custom_heading text=&#8220;7. Geistiges und gewerbliches Eigentum an den Inhalten&#8220; use_theme_fonts=&#8220;yes&#8220;][divider line_type=&#8220;No Line&#8220; custom_height=&#8220;30px&#8220;][vc_column_text]\n<p>HAUSUM oder seine Lizenzgeber besitzen alle geistigen Eigentumsrechte an den Website-Inhalten, einschlie\u00dflich aller Designs, Datenbanken, zugrunde liegenden Computerprogramme (einschlie\u00dflich Quellcode) sowie der verschiedenen Elemente, aus denen die Website besteht (Texte, Grafiken, Fotos, Videos, Farben usw.), Struktur, Layout usw. Marken und Handelsnamen (\u201eKennzeichen\u201c) sind Eigentum von HAUSUM oder seinen Lizenzgebern. <\/p>\n<p>Die Nutzung der Website durch den Nutzer impliziert keine \u00dcbertragung von Rechten an geistigem oder gewerblichem Eigentum. Es ist dem Nutzer strengstens untersagt, Inhalte oder Marken zu vervielf\u00e4ltigen, zu kopieren, zu verbreiten, zug\u00e4nglich zu machen oder anderweitig \u00f6ffentlich zu kommunizieren, zu bearbeiten oder zu ver\u00e4ndern, es sei denn, der Inhaber der entsprechenden Rechte hat dies genehmigt oder es ist gesetzlich zul\u00e4ssig.<\/p>\n[\/vc_column_text][vc_custom_heading text=&#8220;8. Werbung&#8220; use_theme_fonts=&#8220;yes&#8220;][divider line_type=&#8220;No Line&#8220; custom_height=&#8220;30px&#8220;][vc_column_text]Die Website kann Werbung oder gesponserte Inhalte enthalten. Werbetreibende oder Sponsoren sind allein daf\u00fcr verantwortlich, dass die zur Ver\u00f6ffentlichung auf der Website eingereichten Materialien allen geltenden Gesetzen entsprechen. <\/p>\n<p>HAUSUM \u00fcbernimmt keine Verantwortung f\u00fcr etwaige Fehler, Ungenauigkeiten oder Unregelm\u00e4\u00dfigkeiten in Werbe- oder Sponsoreninhalten.<\/p>\n[\/vc_column_text][vc_custom_heading text=&#8220;9. Anwendbare Rechtsvorschriften&#8220; use_theme_fonts=&#8220;yes&#8220;][divider line_type=&#8220;No Line&#8220; custom_height=&#8220;30px&#8220;][vc_column_text]\n<p>Dieser Rechtshinweis unterliegt spanischem Recht und ist entsprechend auszulegen.<br \/>Jegliche Streitigkeiten im Zusammenhang mit dem Zugriff auf diese Website sind gem\u00e4\u00df den Verbraucherschutzbestimmungen den zust\u00e4ndigen Gerichten vorzulegen.<\/p>\n[\/vc_column_text][vc_custom_heading text=&#8220;10. Kontakt&#8220; use_theme_fonts=&#8220;yes&#8220;][divider line_type=&#8220;No Line&#8220; custom_height=&#8220;30px&#8220;][vc_column_text]Bei Fragen oder Anmerkungen zu diesem Rechtshinweis k\u00f6nnen Sie uns per E-Mail unter <a href=\"mailto:info@hausum.com\">info@hausum.com<\/a>.[\/vc_column_text][divider line_type=&#8220;No Line&#8220; custom_height=&#8220;50px&#8220;][\/vc_column][\/vc_row]\n","protected":false},"excerpt":{"rendered":"<p>[vc_row type=&#8220;in_container&#8220; full_screen_row_position=&#8220;middle&#8220; column_margin=&#8220;default&#8220; column_direction=&#8220;default&#8220; column_direction_tablet=&#8220;default&#8220; column_direction_phone=&#8220;default&#8220; scene_position=&#8220;center&#8220; text_color=&#8220;dark&#8220; text_align=&#8220;left&#8220; row_border_radius=&#8220;none&#8220; row_border_radius_applies=&#8220;bg&#8220; overflow=&#8220;visible&#8220; overlay_strength=&#8220;0.3&#8243; gradient_direction=&#8220;left_to_right&#8220; shape_divider_position=&#8220;bottom&#8220; bg_image_animation=&#8220;none&#8220;][vc_column column_padding=&#8220;no-extra-padding&#8220; column_padding_tablet=&#8220;inherit&#8220; column_padding_phone=&#8220;inherit&#8220; column_padding_position=&#8220;all&#8220; column_element_direction_desktop=&#8220;default&#8220; column_element_spacing=&#8220;default&#8220; desktop_text_alignment=&#8220;default&#8220; tablet_text_alignment=&#8220;default&#8220; phone_text_alignment=&#8220;default&#8220; background_color_opacity=&#8220;1&#8243; background_hover_color_opacity=&#8220;1&#8243; column_backdrop_filter=&#8220;none&#8220; column_shadow=&#8220;none&#8220;&#8230;<\/p>\n","protected":false},"author":68,"featured_media":0,"parent":0,"menu_order":0,"comment_status":"closed","ping_status":"closed","template":"","meta":{"_acf_changed":false,"inline_featured_image":false,"footnotes":""},"class_list":["post-61400","page","type-page","status-publish"],"acf":[],"_links":{"self":[{"href":"https:\/\/hausum.com\/de\/wp-json\/wp\/v2\/pages\/61400","targetHints":{"allow":["GET"]}}],"collection":[{"href":"https:\/\/hausum.com\/de\/wp-json\/wp\/v2\/pages"}],"about":[{"href":"https:\/\/hausum.com\/de\/wp-json\/wp\/v2\/types\/page"}],"author":[{"embeddable":true,"href":"https:\/\/hausum.com\/de\/wp-json\/wp\/v2\/users\/68"}],"replies":[{"embeddable":true,"href":"https:\/\/hausum.com\/de\/wp-json\/wp\/v2\/comments?post=61400"}],"version-history":[{"count":2,"href":"https:\/\/hausum.com\/de\/wp-json\/wp\/v2\/pages\/61400\/revisions"}],"predecessor-version":[{"id":61402,"href":"https:\/\/hausum.com\/de\/wp-json\/wp\/v2\/pages\/61400\/revisions\/61402"}],"wp:attachment":[{"href":"https:\/\/hausum.com\/de\/wp-json\/wp\/v2\/media?parent=61400"}],"curies":[{"name":"wp","href":"https:\/\/api.w.org\/{rel}","templated":true}]}}