{"id":23060,"date":"2025-01-23T10:33:42","date_gmt":"2025-01-23T09:33:42","guid":{"rendered":"https:\/\/hausum.com\/provinzen\/"},"modified":"2025-02-20T10:36:02","modified_gmt":"2025-02-20T09:36:02","slug":"provinzen","status":"publish","type":"page","link":"https:\/\/hausum.com\/de\/provinzen\/","title":{"rendered":"Provinzen"},"content":{"rendered":"[vc_row type=&#8220;full_width_background&#8220; full_screen_row_position=&#8220;middle&#8220; column_margin=&#8220;default&#8220; column_direction=&#8220;default&#8220; column_direction_tablet=&#8220;default&#8220; column_direction_phone=&#8220;default&#8220; bg_color=&#8220;#ffffff&#8220; scene_position=&#8220;center&#8220; bottom_padding=&#8220;50px&#8220; bottom_padding_phone=&#8220;30px&#8220; text_color=&#8220;dark&#8220; text_align=&#8220;left&#8220; row_border_radius=&#8220;none&#8220; row_border_radius_applies=&#8220;bg&#8220; overflow=&#8220;visible&#8220; overlay_strength=&#8220;0.3&#8243; gradient_direction=&#8220;left_to_right&#8220; shape_divider_position=&#8220;bottom&#8220; bg_image_animation=&#8220;none&#8220; gradient_type=&#8220;default&#8220; shape_type=&#8220;&#8220;][vc_column column_padding=&#8220;no-extra-padding&#8220; column_padding_tablet=&#8220;inherit&#8220; column_padding_phone=&#8220;inherit&#8220; column_padding_position=&#8220;all&#8220; column_element_direction_desktop=&#8220;default&#8220; column_element_spacing=&#8220;default&#8220; desktop_text_alignment=&#8220;default&#8220; tablet_text_alignment=&#8220;default&#8220; phone_text_alignment=&#8220;default&#8220; background_color_opacity=&#8220;1&#8243; background_hover_color_opacity=&#8220;1&#8243; column_backdrop_filter=&#8220;none&#8220; column_shadow=&#8220;none&#8220; column_border_radius=&#8220;none&#8220; column_link_target=&#8220;_self&#8220; column_position=&#8220;default&#8220; gradient_direction=&#8220;left_to_right&#8220; overlay_strength=&#8220;0.3&#8243; width=&#8220;1\/1&#8243; tablet_width_inherit=&#8220;default&#8220; animation_type=&#8220;default&#8220; bg_image_animation=&#8220;none&#8220; border_type=&#8220;simple&#8220; column_border_width=&#8220;none&#8220; column_border_style=&#8220;solid&#8220;][divider line_type=&#8220;No Line&#8220; custom_height=&#8220;30px&#8220; custom_height_phone=&#8220;20px&#8220;][vc_custom_heading text=&#8220;Wir inspizieren in allen Provinzen&#8220; font_container=&#8220;tag:h2|text_align:center|color:%23436c93&#8243; use_theme_fonts=&#8220;yes&#8220;][divider line_type=&#8220;No Line&#8220; custom_height=&#8220;30px&#8220; custom_height_phone=&#8220;20px&#8220;][vc_column_text]\n<div style=\"font-size: 16px;\">\n<p style=\"text-align: center;\">Wir bieten <strong>Inspektionsdienste in allen Provinzen Spaniens<\/strong> an und decken jeden Winkel des Landes ab. Von den gro\u00dfen St\u00e4dten bis hin zu den kleinsten Ortschaften garantieren wir Qualit\u00e4t, Sicherheit und Konformit\u00e4t an jedem Ort des Landes. Ob in Andalusien, Galicien, Katalonien oder einer anderen autonomen Gemeinschaft, wir stehen bereit, um Ihre Bed\u00fcrfnisse mit Professionalit\u00e4t und N\u00e4he zu erf\u00fcllen.  <\/p>\n<\/div>\n[\/vc_column_text][divider line_type=&#8220;No Line&#8220;][vc_row_inner column_margin=&#8220;default&#8220; column_direction=&#8220;default&#8220; column_direction_tablet=&#8220;default&#8220; column_direction_phone=&#8220;default&#8220; text_align=&#8220;left&#8220; row_position=&#8220;default&#8220; row_position_tablet=&#8220;inherit&#8220; row_position_phone=&#8220;inherit&#8220; overflow=&#8220;visible&#8220; pointer_events=&#8220;all&#8220;][vc_column_inner column_padding=&#8220;padding-2-percent&#8220; column_padding_tablet=&#8220;inherit&#8220; column_padding_phone=&#8220;inherit&#8220; column_padding_position=&#8220;right&#8220; column_element_direction_desktop=&#8220;default&#8220; column_element_spacing=&#8220;default&#8220; desktop_text_alignment=&#8220;default&#8220; tablet_text_alignment=&#8220;default&#8220; phone_text_alignment=&#8220;default&#8220; background_color_opacity=&#8220;1&#8243; background_hover_color_opacity=&#8220;1&#8243; column_backdrop_filter=&#8220;none&#8220; column_shadow=&#8220;none&#8220; column_border_radius=&#8220;none&#8220; column_link_target=&#8220;_self&#8220; overflow=&#8220;visible&#8220; gradient_direction=&#8220;left_to_right&#8220; overlay_strength=&#8220;0.3&#8243; width=&#8220;1\/3&#8243; tablet_width_inherit=&#8220;default&#8220; animation_type=&#8220;default&#8220; bg_image_animation=&#8220;none&#8220; border_type=&#8220;simple&#8220; column_border_width=&#8220;none&#8220; column_border_style=&#8220;solid&#8220;][vc_column_text css=&#8220;.vc_custom_1737628092610{margin-bottom: 18px !important;}&#8220;]\n<h5>Andalusien<\/h5>\n[\/vc_column_text][divider line_type=&#8220;No Line&#8220;]<div class=\"nectar-fancy-ul font_size_desktop_15px\" data-list-icon=\"icon-salient-thin-line\" data-animation=\"true\" data-animation-delay=\"0\" data-color=\"extra-color-3\" data-spacing=\"default\" data-alignment=\"left\"> \n<ul>\n<li><a href=\"https:\/\/hausum.com\/home-inspector\/almeria\/\">Inspektion in Almeria<\/a><\/li>\n<li><a href=\"https:\/\/hausum.com\/home-inspector\/cadiz\/\">Inspektion in C\u00e1diz<\/a><\/li>\n<li><a href=\"https:\/\/hausum.com\/home-inspector\/cordoba\/\">Inspektion in C\u00f3rdoba<\/a><\/li>\n<li><a href=\"https:\/\/hausum.com\/home-inspector\/granada\/\">Inspektion in Granada<\/a><\/li>\n<li><a href=\"https:\/\/hausum.com\/home-inspector\/huelva\/\">Inspektion in Huelva<\/a><\/li>\n<li><a href=\"https:\/\/hausum.com\/home-inspector\/jaen\/\">Inspektion in Ja\u00e9n<\/a><\/li>\n<li><a href=\"https:\/\/hausum.com\/home-inspector\/malaga\/\">Inspektion in M\u00e1laga<\/a><\/li>\n<li><a href=\"https:\/\/hausum.com\/home-inspector\/sevilla\/\">Inspektion in Sevilla<\/a><\/li>\n<\/ul>\n <\/div>[vc_column_text css=&#8220;.vc_custom_1737623502935{margin-bottom: 18px !important;}&#8220;]\n<h5>Arag\u00f3n<\/h5>\n[\/vc_column_text][divider line_type=&#8220;No Line&#8220;]<div class=\"nectar-fancy-ul font_size_desktop_15px\" data-list-icon=\"icon-salient-thin-line\" data-animation=\"true\" data-animation-delay=\"0\" data-color=\"extra-color-3\" data-spacing=\"default\" data-alignment=\"left\"> \n<ul>\n<li><a href=\"https:\/\/hausum.com\/home-inspector\/huesca\/\">Inspektion in Huesca<\/a><\/li>\n<li><a href=\"https:\/\/hausum.com\/home-inspector\/teruel\/\">Inspektion in Teruel<\/a><\/li>\n<li><a href=\"https:\/\/hausum.com\/home-inspector\/zaragoza\/\">Inspektion in Zaragoza<\/a><\/li>\n<\/ul>\n <\/div>[vc_column_text css=&#8220;.vc_custom_1737623894725{margin-bottom: 18px !important;}&#8220;]\n<h5>Asturien<\/h5>\n[\/vc_column_text][divider line_type=&#8220;No Line&#8220;]<div class=\"nectar-fancy-ul font_size_desktop_15px\" data-list-icon=\"icon-salient-thin-line\" data-animation=\"true\" data-animation-delay=\"0\" data-color=\"extra-color-3\" data-spacing=\"default\" data-alignment=\"left\"> \n<ul>\n<li>Inspektion in Asturien<\/li>\n<\/ul>\n <\/div>[vc_column_text css=&#8220;.vc_custom_1737623932108{margin-bottom: 18px !important;}&#8220;]\n<h5>Balearische Inseln<\/h5>\n[\/vc_column_text][divider line_type=&#8220;No Line&#8220;]<div class=\"nectar-fancy-ul font_size_desktop_15px\" data-list-icon=\"icon-salient-thin-line\" data-animation=\"true\" data-animation-delay=\"0\" data-color=\"extra-color-3\" data-spacing=\"default\" data-alignment=\"left\"> \n<ul>\n<li><a href=\"https:\/\/hausum.com\/home-inspector\/mallorca\/\">Inspektion in Balearische Inseln<\/a><\/li>\n<\/ul>\n <\/div>[vc_column_text css=&#8220;.vc_custom_1737623956964{margin-bottom: 18px !important;}&#8220;]\n<h5>Kanarische Inseln<\/h5>\n[\/vc_column_text][divider line_type=&#8220;No Line&#8220;]<div class=\"nectar-fancy-ul font_size_desktop_15px\" data-list-icon=\"icon-salient-thin-line\" data-animation=\"true\" data-animation-delay=\"0\" data-color=\"extra-color-3\" data-spacing=\"default\" data-alignment=\"left\"> \n<ul>\n<li>Inspektion in Las Palmas<\/li>\n<li>Inspektion in Santa Cruz de Tenerife<\/li>\n<\/ul>\n <\/div>[vc_column_text css=&#8220;.vc_custom_1737623978250{margin-bottom: 18px !important;}&#8220;]\n<h5>Kantabrien<\/h5>\n[\/vc_column_text][divider line_type=&#8220;No Line&#8220;]<div class=\"nectar-fancy-ul font_size_desktop_15px\" data-list-icon=\"icon-salient-thin-line\" data-animation=\"true\" data-animation-delay=\"0\" data-color=\"extra-color-3\" data-spacing=\"default\" data-alignment=\"left\"> \n<ul>\n<li>Inspektion in Kantabrien<\/li>\n<\/ul>\n <\/div>[\/vc_column_inner][vc_column_inner column_padding=&#8220;no-extra-padding&#8220; column_padding_tablet=&#8220;inherit&#8220; column_padding_phone=&#8220;inherit&#8220; column_padding_position=&#8220;all&#8220; column_element_direction_desktop=&#8220;default&#8220; column_element_spacing=&#8220;default&#8220; desktop_text_alignment=&#8220;default&#8220; tablet_text_alignment=&#8220;default&#8220; phone_text_alignment=&#8220;default&#8220; background_color_opacity=&#8220;1&#8243; background_hover_color_opacity=&#8220;1&#8243; column_backdrop_filter=&#8220;none&#8220; column_shadow=&#8220;none&#8220; column_border_radius=&#8220;none&#8220; column_link_target=&#8220;_self&#8220; overflow=&#8220;visible&#8220; gradient_direction=&#8220;left_to_right&#8220; overlay_strength=&#8220;0.3&#8243; width=&#8220;1\/3&#8243; tablet_width_inherit=&#8220;default&#8220; animation_type=&#8220;default&#8220; bg_image_animation=&#8220;none&#8220; border_type=&#8220;simple&#8220; column_border_width=&#8220;none&#8220; column_border_style=&#8220;solid&#8220;][vc_column_text css=&#8220;.vc_custom_1737624009814{margin-bottom: 18px !important;}&#8220;]\n<h5>Kastilien-La Mancha<\/h5>\n[\/vc_column_text][divider line_type=&#8220;No Line&#8220;]<div class=\"nectar-fancy-ul font_size_desktop_15px\" data-list-icon=\"icon-salient-thin-line\" data-animation=\"true\" data-animation-delay=\"0\" data-color=\"extra-color-3\" data-spacing=\"default\" data-alignment=\"left\"> \n<ul>\n<li><a href=\"https:\/\/hausum.com\/home-inspector\/albacete\/\">Inspektion in Albacete<\/a><\/li>\n<li><a href=\"https:\/\/hausum.com\/home-inspector\/ciudad-real\/\">Inspektion in Ciudad Real<\/a><\/li>\n<li><a href=\"https:\/\/hausum.com\/home-inspector\/cuenca\/\">Inspektion in Cuenca<\/a><\/li>\n<li><a href=\"https:\/\/hausum.com\/home-inspector\/guadalajara\/\">Inspektion in Guadalajara<\/a><\/li>\n<li><a href=\"https:\/\/hausum.com\/home-inspector\/toledo\/\">Inspektion in Toledo<\/a><\/li>\n<\/ul>\n <\/div>[vc_column_text css=&#8220;.vc_custom_1737624035644{margin-bottom: 18px !important;}&#8220;]\n<h5>Kastilien und Le\u00f3n<\/h5>\n[\/vc_column_text][divider line_type=&#8220;No Line&#8220;]<div class=\"nectar-fancy-ul font_size_desktop_15px\" data-list-icon=\"icon-salient-thin-line\" data-animation=\"true\" data-animation-delay=\"0\" data-color=\"extra-color-3\" data-spacing=\"default\" data-alignment=\"left\"> \n<ul>\n<li><a href=\"https:\/\/hausum.com\/home-inspector\/avila\/\">Inspektion in \u00c1vila<\/a><\/li>\n<li><a href=\"https:\/\/hausum.com\/home-inspector\/burgos\/\">Inspektion in Burgos<\/a><\/li>\n<li><a href=\"https:\/\/hausum.com\/home-inspector\/leon\/\">Inspektion in Le\u00f3n<\/a><\/li>\n<li><a href=\"https:\/\/hausum.com\/home-inspector\/palencia\/\">Inspektion in Palencia<\/a><\/li>\n<li><a href=\"https:\/\/hausum.com\/home-inspector\/salamanca\/\">Inspektion in Salamanca<\/a><\/li>\n<li><a href=\"https:\/\/hausum.com\/home-inspector\/segovia\/\">Inspektion in Segovia<\/a><\/li>\n<li><a href=\"https:\/\/hausum.com\/home-inspector\/soria\/\">Inspektion in Soria<\/a><\/li>\n<li><a href=\"https:\/\/hausum.com\/home-inspector\/valladolid\/\">Inspektion in Valladolid<\/a><\/li>\n<li><a href=\"https:\/\/hausum.com\/home-inspector\/zamora\/\">Inspektion in Zamora<\/a><\/li>\n<\/ul>\n <\/div>[vc_column_text css=&#8220;.vc_custom_1737624399487{margin-bottom: 18px !important;}&#8220;]\n<h5>Katalonien<\/h5>\n[\/vc_column_text][divider line_type=&#8220;No Line&#8220;]<div class=\"nectar-fancy-ul font_size_desktop_15px\" data-list-icon=\"icon-salient-thin-line\" data-animation=\"true\" data-animation-delay=\"0\" data-color=\"extra-color-3\" data-spacing=\"default\" data-alignment=\"left\"> \n<ul>\n<li><a href=\"https:\/\/hausum.com\/home-inspector\/barcelona\/\">Inspektion in Barcelona<\/a><\/li>\n<li><a href=\"https:\/\/hausum.com\/home-inspector\/girona\/\">Inspektion in Girona<\/a><\/li>\n<li><a href=\"https:\/\/hausum.com\/home-inspector\/lleida\/\">Inspektion in Lleida<\/a><\/li>\n<li><a href=\"https:\/\/hausum.com\/home-inspector\/tarragona\/\">Inspektion in Tarragona<\/a><\/li>\n<\/ul>\n <\/div>[vc_column_text css=&#8220;.vc_custom_1737624411151{margin-bottom: 18px !important;}&#8220;]\n<h5>Extremadura<\/h5>\n[\/vc_column_text][divider line_type=&#8220;No Line&#8220;]<div class=\"nectar-fancy-ul font_size_desktop_15px\" data-list-icon=\"icon-salient-thin-line\" data-animation=\"true\" data-animation-delay=\"0\" data-color=\"extra-color-3\" data-spacing=\"default\" data-alignment=\"left\"> \n<ul>\n<li><a href=\"https:\/\/hausum.com\/home-inspector\/badajoz\/\">Inspektion in Badajoz<\/a><\/li>\n<li><a href=\"https:\/\/hausum.com\/home-inspector\/caceres\/\">Inspektion in C\u00e1ceres<\/a><\/li>\n<\/ul>\n <\/div>[\/vc_column_inner][vc_column_inner column_padding=&#8220;no-extra-padding&#8220; column_padding_tablet=&#8220;inherit&#8220; column_padding_phone=&#8220;inherit&#8220; column_padding_position=&#8220;all&#8220; column_element_direction_desktop=&#8220;default&#8220; column_element_spacing=&#8220;default&#8220; desktop_text_alignment=&#8220;default&#8220; tablet_text_alignment=&#8220;default&#8220; phone_text_alignment=&#8220;default&#8220; background_color_opacity=&#8220;1&#8243; background_hover_color_opacity=&#8220;1&#8243; column_backdrop_filter=&#8220;none&#8220; column_shadow=&#8220;none&#8220; column_border_radius=&#8220;none&#8220; column_link_target=&#8220;_self&#8220; overflow=&#8220;visible&#8220; gradient_direction=&#8220;left_to_right&#8220; overlay_strength=&#8220;0.3&#8243; width=&#8220;1\/3&#8243; tablet_width_inherit=&#8220;default&#8220; animation_type=&#8220;default&#8220; bg_image_animation=&#8220;none&#8220; border_type=&#8220;simple&#8220; column_border_width=&#8220;none&#8220; column_border_style=&#8220;solid&#8220;][vc_column_text css=&#8220;.vc_custom_1737624420842{margin-bottom: 18px !important;}&#8220;]\n<h5>Galicien<\/h5>\n[\/vc_column_text][divider line_type=&#8220;No Line&#8220;]<div class=\"nectar-fancy-ul font_size_desktop_15px\" data-list-icon=\"icon-salient-thin-line\" data-animation=\"true\" data-animation-delay=\"0\" data-color=\"extra-color-3\" data-spacing=\"default\" data-alignment=\"left\"> \n<ul>\n<li>Inspektion in A Coru\u00f1a<\/li>\n<li><a href=\"https:\/\/hausum.com\/home-inspector\/lugo\/\">Inspektion in Lugo<\/a><\/li>\n<li>Inspektion in Ourense<\/li>\n<li><a href=\"https:\/\/hausum.com\/home-inspector\/pontevedra\/\">Inspektion in Pontevedra<\/a><\/li>\n<\/ul>\n <\/div>[vc_column_text css=&#8220;.vc_custom_1737624430735{margin-bottom: 18px !important;}&#8220;]\n<h5>Madrid<\/h5>\n[\/vc_column_text][divider line_type=&#8220;No Line&#8220;]<div class=\"nectar-fancy-ul font_size_desktop_15px\" data-list-icon=\"icon-salient-thin-line\" data-animation=\"true\" data-animation-delay=\"0\" data-color=\"extra-color-3\" data-spacing=\"default\" data-alignment=\"left\"> \n<ul>\n<li><a href=\"https:\/\/hausum.com\/home-inspector\/madrid\/\">Inspektion in Madrid<\/a><\/li>\n<\/ul>\n <\/div>[vc_column_text css=&#8220;.vc_custom_1737624442976{margin-bottom: 18px !important;}&#8220;]\n<h5>Murcia<\/h5>\n[\/vc_column_text][divider line_type=&#8220;No Line&#8220;]<div class=\"nectar-fancy-ul font_size_desktop_15px\" data-list-icon=\"icon-salient-thin-line\" data-animation=\"true\" data-animation-delay=\"0\" data-color=\"extra-color-3\" data-spacing=\"default\" data-alignment=\"left\"> \n<ul>\n<li>Inspektion in Murcia<\/li>\n<\/ul>\n <\/div>[vc_column_text css=&#8220;.vc_custom_1737624455127{margin-bottom: 18px !important;}&#8220;]\n<h5>Navarra<\/h5>\n[\/vc_column_text][divider line_type=&#8220;No Line&#8220;]<div class=\"nectar-fancy-ul font_size_desktop_15px\" data-list-icon=\"icon-salient-thin-line\" data-animation=\"true\" data-animation-delay=\"0\" data-color=\"extra-color-3\" data-spacing=\"default\" data-alignment=\"left\"> \n<ul>\n<li>Inspektion in Navarra<\/li>\n<\/ul>\n <\/div>[vc_column_text css=&#8220;.vc_custom_1737624465440{margin-bottom: 18px !important;}&#8220;]\n<h5>La Rioja<\/h5>\n[\/vc_column_text][divider line_type=&#8220;No Line&#8220;]<div class=\"nectar-fancy-ul font_size_desktop_15px\" data-list-icon=\"icon-salient-thin-line\" data-animation=\"true\" data-animation-delay=\"0\" data-color=\"extra-color-3\" data-spacing=\"default\" data-alignment=\"left\"> \n<ul>\n<li>Inspektion in La Rioja<\/li>\n<\/ul>\n <\/div>[vc_column_text css=&#8220;.vc_custom_1737624477447{margin-bottom: 18px !important;}&#8220;]\n<h5>Baskenland<\/h5>\n[\/vc_column_text][divider line_type=&#8220;No Line&#8220;]<div class=\"nectar-fancy-ul font_size_desktop_15px\" data-list-icon=\"icon-salient-thin-line\" data-animation=\"true\" data-animation-delay=\"0\" data-color=\"extra-color-3\" data-spacing=\"default\" data-alignment=\"left\"> \n<ul>\n<li>Inspektion in \u00c1lava<\/li>\n<li>Inspektion in Gipuzkoa<\/li>\n<li>Inspektion in Bizkaia<\/li>\n<\/ul>\n <\/div>[vc_column_text css=&#8220;.vc_custom_1737624515798{margin-bottom: 18px !important;}&#8220;]\n<h5>Valencia (Valencianische Gemeinschaft)<\/h5>\n[\/vc_column_text][divider line_type=&#8220;No Line&#8220;]<div class=\"nectar-fancy-ul font_size_desktop_15px\" data-list-icon=\"icon-salient-thin-line\" data-animation=\"true\" data-animation-delay=\"0\" data-color=\"extra-color-3\" data-spacing=\"default\" data-alignment=\"left\"> \n<ul>\n<li><a href=\"https:\/\/hausum.com\/home-inspector\/alicante\/\">Inspektion in Alicante<\/a><\/li>\n<li><a href=\"https:\/\/hausum.com\/home-inspector\/castellon\/\">Inspektion in Castell\u00f3n<\/a><\/li>\n<li><a href=\"https:\/\/hausum.com\/home-inspector\/valencia\/\">Inspektion in Valencia<\/a><\/li>\n<\/ul>\n <\/div>[\/vc_column_inner][\/vc_row_inner][\/vc_column][\/vc_row]\n","protected":false},"excerpt":{"rendered":"<p>[vc_row type=&#8220;full_width_background&#8220; full_screen_row_position=&#8220;middle&#8220; column_margin=&#8220;default&#8220; column_direction=&#8220;default&#8220; column_direction_tablet=&#8220;default&#8220; column_direction_phone=&#8220;default&#8220; bg_color=&#8220;#ffffff&#8220; scene_position=&#8220;center&#8220; bottom_padding=&#8220;50px&#8220; bottom_padding_phone=&#8220;30px&#8220; text_color=&#8220;dark&#8220; text_align=&#8220;left&#8220; row_border_radius=&#8220;none&#8220; row_border_radius_applies=&#8220;bg&#8220; overflow=&#8220;visible&#8220; overlay_strength=&#8220;0.3&#8243; gradient_direction=&#8220;left_to_right&#8220; shape_divider_position=&#8220;bottom&#8220; bg_image_animation=&#8220;none&#8220; gradient_type=&#8220;default&#8220; shape_type=&#8220;&#8220;][vc_column column_padding=&#8220;no-extra-padding&#8220; column_padding_tablet=&#8220;inherit&#8220; column_padding_phone=&#8220;inherit&#8220; column_padding_position=&#8220;all&#8220; column_element_direction_desktop=&#8220;default&#8220; column_element_spacing=&#8220;default&#8220; desktop_text_alignment=&#8220;default&#8220; tablet_text_alignment=&#8220;default&#8220;&#8230;<\/p>\n","protected":false},"author":1,"featured_media":0,"parent":0,"menu_order":0,"comment_status":"closed","ping_status":"closed","template":"","meta":{"_acf_changed":false,"inline_featured_image":false,"footnotes":""},"class_list":["post-23060","page","type-page","status-publish"],"acf":[],"_links":{"self":[{"href":"https:\/\/hausum.com\/de\/wp-json\/wp\/v2\/pages\/23060","targetHints":{"allow":["GET"]}}],"collection":[{"href":"https:\/\/hausum.com\/de\/wp-json\/wp\/v2\/pages"}],"about":[{"href":"https:\/\/hausum.com\/de\/wp-json\/wp\/v2\/types\/page"}],"author":[{"embeddable":true,"href":"https:\/\/hausum.com\/de\/wp-json\/wp\/v2\/users\/1"}],"replies":[{"embeddable":true,"href":"https:\/\/hausum.com\/de\/wp-json\/wp\/v2\/comments?post=23060"}],"version-history":[{"count":2,"href":"https:\/\/hausum.com\/de\/wp-json\/wp\/v2\/pages\/23060\/revisions"}],"predecessor-version":[{"id":23062,"href":"https:\/\/hausum.com\/de\/wp-json\/wp\/v2\/pages\/23060\/revisions\/23062"}],"wp:attachment":[{"href":"https:\/\/hausum.com\/de\/wp-json\/wp\/v2\/media?parent=23060"}],"curies":[{"name":"wp","href":"https:\/\/api.w.org\/{rel}","templated":true}]}}