{"id":23006,"date":"2023-03-09T09:59:02","date_gmt":"2023-03-09T08:59:02","guid":{"rendered":"https:\/\/hausum.com\/datenschutzbestimmungen\/"},"modified":"2025-02-20T10:16:02","modified_gmt":"2025-02-20T09:16:02","slug":"datenschutzbestimmungen","status":"publish","type":"page","link":"https:\/\/hausum.com\/de\/datenschutzbestimmungen\/","title":{"rendered":"Datenschutzbestimmungen"},"content":{"rendered":"&#13;\n<h2 class=\"wp-block-heading\">Wer sind wir<\/h2>&#13;\n&#13;\n<p>Unsere Website-Adresse lautet: https:\/\/hausum.com\/<\/p>&#13;\n&#13;\n<h2 class=\"wp-block-heading\">Kommentare<\/h2>&#13;\n&#13;\n<p>Wenn Besucher Kommentare auf der Website hinterlassen, erfassen wir die im Kommentarformular angezeigten Daten sowie die IP-Adresse und den User-Agent-String des Browsers des Besuchers, um die Erkennung von Spam zu erleichtern.<\/p>&#13;\n&#13;\n<p>Eine anonyme Zeichenfolge, die aus Ihrer E-Mail-Adresse erstellt wird (auch Hash genannt), kann dem Gravatar-Dienst zur Verf\u00fcgung gestellt werden, um zu sehen, ob Sie ihn verwenden. Die Datenschutzbestimmungen des Gravatar-Dienstes finden Sie hier: https:\/\/automattic.com\/privacy\/. Nach der Freigabe Ihres Kommentars ist Ihr Profilbild im Zusammenhang mit Ihrem Kommentar \u00f6ffentlich sichtbar. <\/p>&#13;\n&#13;\n<h2 class=\"wp-block-heading\">Medien<\/h2>&#13;\n&#13;\n<p>Wenn Sie Bilder auf die Website hochladen, sollten Sie es vermeiden, Bilder hochzuladen, die Standortdaten (GPS EXIF) enthalten. Die Besucher der Website k\u00f6nnen alle Standortdaten von den Bildern auf der Website herunterladen und extrahieren. <\/p>&#13;\n&#13;\n<h2 class=\"wp-block-heading\">Cookies<\/h2>&#13;\n&#13;\n<p><strong class=\"privacy-policy-tutorial\"> <\/strong>Wenn Sie einen Kommentar auf unserer Website hinterlassen, k\u00f6nnen Sie festlegen, dass Ihr Name, Ihre E-Mail-Adresse und Ihre Website in Cookies gespeichert werden. Dies dient Ihrer Bequemlichkeit, damit Sie Ihre Daten nicht erneut eingeben m\u00fcssen, wenn Sie einen weiteren Kommentar hinterlassen. Diese Cookies sind ein Jahr lang g\u00fcltig.  <\/p>&#13;\n&#13;\n<p>Wenn Sie ein Konto haben und sich auf dieser Website anmelden, setzen wir ein tempor\u00e4res Cookie, um festzustellen, ob Ihr Browser Cookies akzeptiert. Dieses Cookie enth\u00e4lt keine pers\u00f6nlichen Daten und wird gel\u00f6scht, wenn Sie Ihren Browser schlie\u00dfen. <\/p>&#13;\n&#13;\n<p>Wenn Sie sich anmelden, setzen wir auch eine Reihe von Cookies, um Ihre Anmeldeinformationen und Bildschirmoptionen zu speichern. Die Anmelde-Cookies sind zwei Tage lang g\u00fcltig, die Cookies f\u00fcr die Anzeigeoptionen ein Jahr lang. Wenn Sie \u201eRemember me\u201c w\u00e4hlen, bleibt Ihre Anmeldung zwei Wochen lang gespeichert. Wenn Sie sich von Ihrem Konto abmelden, werden Ihre Anmelde-Cookies gel\u00f6scht.   <\/p>&#13;\n&#13;\n<p>Wenn Sie einen Artikel bearbeiten oder ver\u00f6ffentlichen, wird ein zus\u00e4tzliches Cookie in Ihrem Browser gespeichert. Dieses Cookie enth\u00e4lt keine pers\u00f6nlichen Daten und zeigt lediglich die ID des Artikels an, den Sie gerade bearbeitet haben. Er verf\u00e4llt nach 1 Tag.  <\/p>&#13;\n&#13;\n<h2 class=\"wp-block-heading\">Eingebettete Inhalte von anderen Websites<\/h2>&#13;\n&#13;\n<p>Die Artikel auf dieser Website k\u00f6nnen eingebettete Inhalte (z. B. Videos, Bilder, Artikel usw.) enthalten. Eingebettete Inhalte von anderen Websites verhalten sich genau so, als ob der Besucher die andere Website besucht h\u00e4tte. <\/p>&#13;\n&#13;\n<p>Diese Websites k\u00f6nnen Daten \u00fcber Sie sammeln, Cookies verwenden, zus\u00e4tzliche Verfolgungen von Dritten einbetten und Ihre Interaktion mit diesen eingebetteten Inhalten \u00fcberwachen, einschlie\u00dflich der Verfolgung Ihrer Interaktion mit den eingebetteten Inhalten, wenn Sie ein Konto haben und auf dieser Website angemeldet sind.<\/p>&#13;\n&#13;\n<h2 class=\"wp-block-heading\">Mit wem wir Ihre Daten teilen<\/h2>&#13;\n&#13;\n<p>Wenn Sie ein neues Passwort anfordern, wird Ihre IP-Adresse in der E-Mail mit dem neuen Passwort angegeben.<\/p>&#13;\n&#13;\n<h2 class=\"wp-block-heading\">Wie lange wir Ihre Daten aufbewahren<\/h2>&#13;\n&#13;\n<p>Wenn Sie einen Kommentar hinterlassen, werden der Kommentar und seine Metadaten auf unbestimmte Zeit gespeichert. Auf diese Weise k\u00f6nnen wir nachfolgende Kommentare automatisch erkennen und genehmigen, anstatt sie in einer Moderationswarteschlange zu halten. <\/p>&#13;\n&#13;\n<p>Bei Nutzern, die sich auf unserer Website registrieren (falls vorhanden), speichern wir auch die pers\u00f6nlichen Daten, die sie in ihrem Nutzerprofil angeben. Alle Nutzer k\u00f6nnen ihre pers\u00f6nlichen Daten jederzeit einsehen, bearbeiten oder l\u00f6schen (mit der Ausnahme, dass sie ihren Nutzernamen nicht \u00e4ndern k\u00f6nnen). Auch die Administratoren der Website k\u00f6nnen diese Informationen einsehen und bearbeiten.  <\/p>&#13;\n&#13;\n<h2 class=\"wp-block-heading\">Welche Rechte Sie an Ihren Daten haben<\/h2>&#13;\n&#13;\n<p><strong class=\"privacy-policy-tutorial\"> <\/strong>Wenn Sie ein Konto haben oder Kommentare auf dieser Website hinterlassen haben, k\u00f6nnen Sie eine Exportdatei der personenbezogenen Daten anfordern, die wir \u00fcber Sie gespeichert haben, einschlie\u00dflich aller Daten, die Sie uns zur Verf\u00fcgung gestellt haben. Sie k\u00f6nnen auch verlangen, dass wir alle personenbezogenen Daten, die wir \u00fcber Sie gespeichert haben, l\u00f6schen. Davon ausgenommen sind Daten, die wir aus administrativen, rechtlichen oder Sicherheitsgr\u00fcnden aufbewahren m\u00fcssen.  <\/p>&#13;\n&#13;\n<h2 class=\"wp-block-heading\">Wohin wir Ihre Daten senden<\/h2>&#13;\n&#13;\n<p>Besucherkommentare k\u00f6nnen von einem automatischen Spam-Erkennungsdienst \u00fcberpr\u00fcft werden.<\/p>&#13;\n","protected":false},"excerpt":{"rendered":"<p>&#13; Wer sind wir &#13; &#13; Unsere Website-Adresse lautet: https:\/\/hausum.com\/ &#13; &#13; Kommentare &#13; &#13; Wenn Besucher Kommentare auf der Website hinterlassen, erfassen wir die im Kommentarformular angezeigten Daten sowie&#8230;<\/p>\n","protected":false},"author":1,"featured_media":0,"parent":0,"menu_order":0,"comment_status":"closed","ping_status":"closed","template":"","meta":{"_acf_changed":false,"inline_featured_image":false,"footnotes":""},"class_list":["post-23006","page","type-page","status-publish"],"acf":[],"_links":{"self":[{"href":"https:\/\/hausum.com\/de\/wp-json\/wp\/v2\/pages\/23006","targetHints":{"allow":["GET"]}}],"collection":[{"href":"https:\/\/hausum.com\/de\/wp-json\/wp\/v2\/pages"}],"about":[{"href":"https:\/\/hausum.com\/de\/wp-json\/wp\/v2\/types\/page"}],"author":[{"embeddable":true,"href":"https:\/\/hausum.com\/de\/wp-json\/wp\/v2\/users\/1"}],"replies":[{"embeddable":true,"href":"https:\/\/hausum.com\/de\/wp-json\/wp\/v2\/comments?post=23006"}],"version-history":[{"count":1,"href":"https:\/\/hausum.com\/de\/wp-json\/wp\/v2\/pages\/23006\/revisions"}],"predecessor-version":[{"id":23007,"href":"https:\/\/hausum.com\/de\/wp-json\/wp\/v2\/pages\/23006\/revisions\/23007"}],"wp:attachment":[{"href":"https:\/\/hausum.com\/de\/wp-json\/wp\/v2\/media?parent=23006"}],"curies":[{"name":"wp","href":"https:\/\/api.w.org\/{rel}","templated":true}]}}