{"id":61373,"date":"2026-05-15T08:43:45","date_gmt":"2026-05-15T06:43:45","guid":{"rendered":"https:\/\/hausum.com\/avis-legal\/"},"modified":"2026-05-15T08:54:58","modified_gmt":"2026-05-15T06:54:58","slug":"avis-legal","status":"publish","type":"page","link":"https:\/\/hausum.com\/ca\/avis-legal\/","title":{"rendered":"Av\u00eds legal"},"content":{"rendered":"[vc_row type=&#8221;in_container&#8221; full_screen_row_position=&#8221;middle&#8221; column_margin=&#8221;default&#8221; column_direction=&#8221;default&#8221; column_direction_tablet=&#8221;default&#8221; column_direction_phone=&#8221;default&#8221; scene_position=&#8221;center&#8221; text_color=&#8221;dark&#8221; text_align=&#8221;left&#8221; row_border_radius=&#8221;none&#8221; row_border_radius_applies=&#8221;bg&#8221; overflow=&#8221;visible&#8221; overlay_strength=&#8221;0.3&#8243; gradient_direction=&#8221;left_to_right&#8221; shape_divider_position=&#8221;bottom&#8221; bg_image_animation=&#8221;none&#8221;][vc_column column_padding=&#8221;no-extra-padding&#8221; column_padding_tablet=&#8221;inherit&#8221; column_padding_phone=&#8221;inherit&#8221; column_padding_position=&#8221;all&#8221; column_element_direction_desktop=&#8221;default&#8221; column_element_spacing=&#8221;default&#8221; desktop_text_alignment=&#8221;default&#8221; tablet_text_alignment=&#8221;default&#8221; phone_text_alignment=&#8221;default&#8221; background_color_opacity=&#8221;1&#8243; background_hover_color_opacity=&#8221;1&#8243; column_backdrop_filter=&#8221;none&#8221; column_shadow=&#8221;none&#8221; column_border_radius=&#8221;none&#8221; column_link_target=&#8221;_self&#8221; column_position=&#8221;default&#8221; gradient_direction=&#8221;left_to_right&#8221; overlay_strength=&#8221;0.3&#8243; width=&#8221;1\/1&#8243; tablet_width_inherit=&#8221;default&#8221; animation_type=&#8221;default&#8221; bg_image_animation=&#8221;none&#8221; border_type=&#8221;simple&#8221; column_border_width=&#8221;none&#8221; column_border_style=&#8221;solid&#8221;][vc_custom_heading text=&#8221;Av\u00eds legal&#8221; font_container=&#8221;tag:h1|text_align:center&#8221; use_theme_fonts=&#8221;yes&#8221;][divider line_type=&#8221;No Line&#8221; custom_height=&#8221;30px&#8221;][vc_custom_heading text=&#8221;1. Identificaci\u00f3 del Titular&#8221; use_theme_fonts=&#8221;yes&#8221;][vc_column_text]En compliment de la Llei 34\/2002, d&#8217;11 de juliol, de serveis de la societat de la informaci\u00f3 i de comer\u00e7 electr\u00f2nic, s&#8217;informa a l&#8217;usuari que el titular de la p\u00e0gina web www.hausum.com \u00e9s de la societat HAUSUM i les seves dades d&#8217;identificaci\u00f3 s\u00f3n les seg\u00fcents:[\/vc_column_text][vc_column_text]\n<ul>\n<li>Identitat: MERLEX BUSINESS, S.L. (D&#8217;ara endavant HAUSUM)<\/li>\n<li>NIF: B05434592<\/li>\n<li>Domicili: Diputaci\u00f3 170, baixos &#8211; 08028 Barcelona<\/li>\n<li>Correu electr\u00f2nic: info@hausum.com<\/li>\n<li>Dades dinscripci\u00f3 en el Registre Mercantil de Barcelona, \u200b\u200bTom 47824, Foli 150 i FULLA: B563358.<\/li>\n<\/ul>\n[\/vc_column_text][vc_custom_heading text=&#8221;2. Accedir a la p\u00e0gina web&#8221; use_theme_fonts=&#8221;yes&#8221;][divider line_type=&#8221;No Line&#8221; custom_height=&#8221;30px&#8221;][vc_column_text]L&#8217;av\u00eds legal regula l&#8217;acc\u00e9s i l&#8217;\u00fas de les persones usu\u00e0ries a la p\u00e0gina web i t\u00e9 per objecte donar a con\u00e8ixer els serveis de l&#8217;entitat i permetre l&#8217;acc\u00e9s general de tots els usuaris d&#8217;Internet.[\/vc_column_text][vc_column_text]L&#8217;acc\u00e9s i\/o \u00fas del Web atribueix a qui el realitza la condici\u00f3 de la persona usu\u00e0ria i l&#8217;acceptaci\u00f3, sense reserves de cap mena, de totes i cadascuna de les presents condicions generals, aix\u00ed com d&#8217;aquelles altres particulars que, si escau, regeixin la utilitzaci\u00f3 del Portal o dels serveis vinculats a aquest.[\/vc_column_text][vc_column_text]La persona usu\u00e0ria ha de llegir atentament l&#8217;Av\u00eds Legal i les Pol\u00edtiques de Privadesa i de Cookies quan es proposi utilitzar la P\u00e0gina Web, ja que HAUSUM, es reserva la facultat de realitzar, en qualsevol moment i sense necessitat de cap preav\u00eds, qualsevol modificaci\u00f3 o actualitzaci\u00f3 dels continguts i serveis, de les presents disposicions d&#8217;acc\u00e9s i \u00fas i, en general,. Si no accepteu les condicions d&#8217;acc\u00e9s i \u00fas, us preguem que us abstingueu d&#8217;utilitzar el web i el seu contingut.[\/vc_column_text][vc_custom_heading text=&#8221;3. Utilitzaci\u00f3 de la p\u00e0gina web&#8221; use_theme_fonts=&#8221;yes&#8221;][divider line_type=&#8221;No Line&#8221; custom_height=&#8221;30px&#8221;][vc_column_text]La persona usu\u00e0ria es compromet a fer un \u00fas diligent de la P\u00e0gina Web, aix\u00ed com de la informaci\u00f3 relativa als seus serveis i activitats, amb total subjecci\u00f3 tant a la normativa aplicable, aix\u00ed com amb la moral i els bons costums generalment acceptats i lordre p\u00fablic, les condicions dacc\u00e9s i \u00fas i qualssevol altres condicions establertes a la P\u00e0gina Web.[\/vc_column_text][vc_column_text]A m\u00e9s, es compromet a abstenir-se d&#8217;utilitzar qualsevol dels continguts amb finalitats o efectes il\u00b7l\u00edcits, prohibits en aquest text, lesius dels drets i interessos de tercers, o que de qualsevol manera puguin danyar, inutilitzar, sobrecarregar, deteriorar o impedir la utilitzaci\u00f3 normal dels continguts, altres usuaris o de qualsevol usuari d&#8217;Internet (hardware i software).[\/vc_column_text][vc_custom_heading text=&#8221;4. Funcionament de la p\u00e0gina web&#8221; use_theme_fonts=&#8221;yes&#8221;][vc_column_text]En cas d&#8217;incompliment de les condicions de l&#8217;Av\u00eds Legal, o les Pol\u00edtiques de Privadesa i Cookies, HAUSUM, es reserva el dret a limitar, suspendre i\/o excloure l&#8217;acc\u00e9s a la seva p\u00e0gina web, adoptant qualsevol mesura t\u00e8cnica necess\u00e0ria al respecte. HAUSUM far\u00e0 el possible per mantenir la p\u00e0gina web en bon funcionament, evitant errors, o b\u00e9 reparant-los i mantenint els continguts actualitzats.<br \/>\nAra b\u00e9, HAUSUM, no garanteix la disponibilitat i continu\u00eftat en l&#8217;acc\u00e9s a la p\u00e0gina web ni la inexist\u00e8ncia d&#8217;errors al contingut.[\/vc_column_text][vc_custom_heading text=&#8221;5. Responsabilitat&#8221; use_theme_fonts=&#8221;yes&#8221;][divider line_type=&#8221;No Line&#8221; custom_height=&#8221;30px&#8221;][vc_column_text]La persona usu\u00e0ria \u00e9s l\u00fanica responsable de l\u00fas que es pugui fer de qualsevol informaci\u00f3 o mecanisme de la P\u00e0gina Web.[\/vc_column_text][vc_column_text]HAUSUM, no es far\u00e0 responsable de cap dany al maquinari i\/o programari de la persona usu\u00e0ria que es derivi de l&#8217;acc\u00e9s i l&#8217;\u00fas de la P\u00e0gina Web. Aix\u00ed mateix, tampoc no es responsabilitzar\u00e0 d&#8217;aquests danys i\/o perjudicis que es puguin ocasionar per l&#8217;acc\u00e9s i\/o \u00fas de la informaci\u00f3 de la P\u00e0gina Web, i en concret dels que es puguin produir en sistemes inform\u00e0tics o els provocats per virus\/o atacs inform\u00e0tics, caigudes, interrupcions abs\u00e8ncia o defecte a les comunicacions i\/o Internet.[\/vc_column_text][vc_column_text]La persona usu\u00e0ria ser\u00e0 responsable dels danys i\/o perjudicis que HAUSUM pugui patir com a conseq\u00fc\u00e8ncia de l&#8217;incompliment de qualsevol de les obligacions a qu\u00e8 queda sotm\u00e8s a trav\u00e9s del present Av\u00eds Legal, la normativa aplicable i Pol\u00edtica de Privadesa i de Cookies.[\/vc_column_text][vc_custom_heading text=&#8221;6. Pol\u00edtica en mat\u00e8ria de \u201cLinks\u201d (Web enlla\u00e7ant i enlla\u00e7ada)&#8221; use_theme_fonts=&#8221;yes&#8221;][divider line_type=&#8221;No Line&#8221; custom_height=&#8221;30px&#8221;][vc_column_text]Web enlla\u00e7ant<br \/>\nEls tercers que tinguin la intenci\u00f3 d&#8217;incloure en una p\u00e0gina web un enlla\u00e7 d&#8217;aquesta p\u00e0gina haur\u00e0 de complir amb la legislaci\u00f3 vigent i no podran allotjar continguts inadequats, il\u00b7l\u00edcits, pornogr\u00e0fics, violents, etc.[\/vc_column_text][vc_column_text]En cap cas HAUSUM, no es fa responsable del contingut de la P\u00e0gina Web, ni promou, garanteix, supervisa ni recomana els continguts d&#8217;aquesta.[\/vc_column_text][vc_column_text]Si la Web enlla\u00e7ant incompleix algun dels aspectes anteriors, estar\u00e0 obligat a suprimir l&#8217;enlla\u00e7 de manera immediata.[\/vc_column_text][vc_column_text]Web enlla\u00e7ada<br \/>\nEn aquesta p\u00e0gina web es poden incloure enlla\u00e7os de p\u00e0gines web de tercers que permetin a la persona usu\u00e0ria accedir-hi. Tot i aix\u00f2, HAUSUM, no es fa responsable del contingut d&#8217;aquestes p\u00e0gines web enlla\u00e7ades, sin\u00f3 que ser\u00e0 la persona usu\u00e0ria l&#8217;encarregada d&#8217;acceptar i comprovar els accessos cada vegada que hi accedeixi.[\/vc_column_text][vc_column_text]Aquests enlla\u00e7os o mencions tenen una finalitat que no impliquen el suport, l&#8217;aprovaci\u00f3, la comercialitzaci\u00f3 o cap relaci\u00f3 entre la p\u00e0gina i les persones o entitats titulars dels llocs on es trobin.[\/vc_column_text][vc_custom_heading text=&#8221;7. Propietat Intel\u00b7lectual i Industrial sobre els continguts&#8221; use_theme_fonts=&#8221;yes&#8221;][divider line_type=&#8221;No Line&#8221; custom_height=&#8221;30px&#8221;][vc_column_text]\n<p>HAUSUM, o els seus llicenciants, s\u00f3n titulars de tots els drets de propietat intel\u00b7lectual sobre els continguts de la p\u00e0gina web, entenent com a tal tots els dissenys, bases de dades, programes d&#8217;ordinadors subjacents (codi font, incl\u00f2s), aix\u00ed com els diferents elements que integren la p\u00e0gina web (textos, gr\u00e0fics, fotografies, v\u00eddeos, colors, etc.), estructura, ordre, ordre. En relaci\u00f3 amb les marques i els noms comercials (\u201csignes distintius\u201d) s\u00f3n titularitat de HAUSUM, o els llicenciants. <\/p>\n<p>L&#8217;\u00fas de la p\u00e0gina web per part de la persona usu\u00e0ria no suposa la cessi\u00f3 de cap dret de propietat intel\u00b7lectual ni industrial. La persona usu\u00e0ria t\u00e9 totalment prohibit reproduir, copiar, distribuir, posar a disposici\u00f3 o de qualsevol altra manera de comunicar p\u00fablicament, transformar o modificar els continguts o els signes distintius, llevat que es compti amb l&#8217;autoritzaci\u00f3 del titular dels drets corresponents o aix\u00f2 resulti legalment perm\u00e8s.<\/p>\n[\/vc_column_text][vc_custom_heading text=&#8221;8. Publicitat&#8221; use_theme_fonts=&#8221;yes&#8221;][divider line_type=&#8221;No Line&#8221; custom_height=&#8221;30px&#8221;][vc_column_text]A la p\u00e0gina web es podran allotjar continguts publicitaris o patrocinats. Els anunciants o patrocinadors s\u00f3n els \u00fanics responsables d&#8217;assegurar-se que el material rem\u00e8s per a la seva inclusi\u00f3 a la web compleix les lleis que en cada cas puguin ser aplicables. <\/p>\n<p>HAUSUM no ser\u00e0 responsable de cap error, inexactitud o irregularitat que puguin contenir els continguts publicitaris o dels patrocinadors.<\/p>\n[\/vc_column_text][vc_custom_heading text=&#8221;9. Legislaci\u00f3 aplicable&#8221; use_theme_fonts=&#8221;yes&#8221;][divider line_type=&#8221;No Line&#8221; custom_height=&#8221;30px&#8221;][vc_column_text]\n<p>L&#8217;Av\u00eds Legal es regir\u00e0 i interpretar\u00e0 de conformitat amb la legislaci\u00f3 espanyola.<br \/>Per resoldre qualsevol conflicte que es pugui derivar de l&#8217;acc\u00e9s al lloc web, se sotmetran als jutjats o tribunals pertinents de conformitat amb la normativa de consumidors i usuaris.<\/p>\n[\/vc_column_text][vc_custom_heading text=&#8221;10. Contacte&#8221; use_theme_fonts=&#8221;yes&#8221;][divider line_type=&#8221;No Line&#8221; custom_height=&#8221;30px&#8221;][vc_column_text]Per a qualsevol pregunta o comentari sobre aquest av\u00eds legal us podeu posar en contacte amb nosaltres a trav\u00e9s del correu electr\u00f2nic <a href=\"mailto:info@hausum.com\">info@hausum.com<\/a>.[\/vc_column_text][divider line_type=&#8221;No Line&#8221; custom_height=&#8221;50px&#8221;][\/vc_column][\/vc_row]\n","protected":false},"excerpt":{"rendered":"<p>[vc_row type=&#8221;in_container&#8221; full_screen_row_position=&#8221;middle&#8221; column_margin=&#8221;default&#8221; column_direction=&#8221;default&#8221; column_direction_tablet=&#8221;default&#8221; column_direction_phone=&#8221;default&#8221; scene_position=&#8221;center&#8221; text_color=&#8221;dark&#8221; text_align=&#8221;left&#8221; row_border_radius=&#8221;none&#8221; row_border_radius_applies=&#8221;bg&#8221; overflow=&#8221;visible&#8221; overlay_strength=&#8221;0.3&#8243; gradient_direction=&#8221;left_to_right&#8221; shape_divider_position=&#8221;bottom&#8221; bg_image_animation=&#8221;none&#8221;][vc_column column_padding=&#8221;no-extra-padding&#8221; column_padding_tablet=&#8221;inherit&#8221; column_padding_phone=&#8221;inherit&#8221; column_padding_position=&#8221;all&#8221; column_element_direction_desktop=&#8221;default&#8221; column_element_spacing=&#8221;default&#8221; desktop_text_alignment=&#8221;default&#8221; tablet_text_alignment=&#8221;default&#8221; phone_text_alignment=&#8221;default&#8221; background_color_opacity=&#8221;1&#8243; background_hover_color_opacity=&#8221;1&#8243; column_backdrop_filter=&#8221;none&#8221; column_shadow=&#8221;none&#8221;&#8230;<\/p>\n","protected":false},"author":68,"featured_media":0,"parent":0,"menu_order":0,"comment_status":"closed","ping_status":"closed","template":"","meta":{"_acf_changed":false,"inline_featured_image":false,"footnotes":""},"class_list":["post-61373","page","type-page","status-publish"],"acf":[],"_links":{"self":[{"href":"https:\/\/hausum.com\/ca\/wp-json\/wp\/v2\/pages\/61373","targetHints":{"allow":["GET"]}}],"collection":[{"href":"https:\/\/hausum.com\/ca\/wp-json\/wp\/v2\/pages"}],"about":[{"href":"https:\/\/hausum.com\/ca\/wp-json\/wp\/v2\/types\/page"}],"author":[{"embeddable":true,"href":"https:\/\/hausum.com\/ca\/wp-json\/wp\/v2\/users\/68"}],"replies":[{"embeddable":true,"href":"https:\/\/hausum.com\/ca\/wp-json\/wp\/v2\/comments?post=61373"}],"version-history":[{"count":2,"href":"https:\/\/hausum.com\/ca\/wp-json\/wp\/v2\/pages\/61373\/revisions"}],"predecessor-version":[{"id":61375,"href":"https:\/\/hausum.com\/ca\/wp-json\/wp\/v2\/pages\/61373\/revisions\/61375"}],"wp:attachment":[{"href":"https:\/\/hausum.com\/ca\/wp-json\/wp\/v2\/media?parent=61373"}],"curies":[{"name":"wp","href":"https:\/\/api.w.org\/{rel}","templated":true}]}}