{"id":24008,"date":"2025-01-23T10:33:42","date_gmt":"2025-01-23T09:33:42","guid":{"rendered":"https:\/\/hausum.com\/provincies\/"},"modified":"2025-02-24T11:49:43","modified_gmt":"2025-02-24T10:49:43","slug":"provincies","status":"publish","type":"page","link":"https:\/\/hausum.com\/ca\/provincies\/","title":{"rendered":"Prov\u00edncies"},"content":{"rendered":"[vc_row type=&#8221;full_width_background&#8221; full_screen_row_position=&#8221;middle&#8221; column_margin=&#8221;default&#8221; column_direction=&#8221;default&#8221; column_direction_tablet=&#8221;default&#8221; column_direction_phone=&#8221;default&#8221; bg_color=&#8221;#ffffff&#8221; scene_position=&#8221;center&#8221; bottom_padding=&#8221;50px&#8221; bottom_padding_phone=&#8221;30px&#8221; text_color=&#8221;dark&#8221; text_align=&#8221;left&#8221; row_border_radius=&#8221;none&#8221; row_border_radius_applies=&#8221;bg&#8221; overflow=&#8221;visible&#8221; overlay_strength=&#8221;0.3&#8243; gradient_direction=&#8221;left_to_right&#8221; shape_divider_position=&#8221;bottom&#8221; bg_image_animation=&#8221;none&#8221; gradient_type=&#8221;default&#8221; shape_type=&#8221;&#8221;][vc_column column_padding=&#8221;no-extra-padding&#8221; column_padding_tablet=&#8221;inherit&#8221; column_padding_phone=&#8221;inherit&#8221; column_padding_position=&#8221;all&#8221; column_element_direction_desktop=&#8221;default&#8221; column_element_spacing=&#8221;default&#8221; desktop_text_alignment=&#8221;default&#8221; tablet_text_alignment=&#8221;default&#8221; phone_text_alignment=&#8221;default&#8221; background_color_opacity=&#8221;1&#8243; background_hover_color_opacity=&#8221;1&#8243; column_backdrop_filter=&#8221;none&#8221; column_shadow=&#8221;none&#8221; column_border_radius=&#8221;none&#8221; column_link_target=&#8221;_self&#8221; column_position=&#8221;default&#8221; gradient_direction=&#8221;left_to_right&#8221; overlay_strength=&#8221;0.3&#8243; width=&#8221;1\/1&#8243; tablet_width_inherit=&#8221;default&#8221; animation_type=&#8221;default&#8221; bg_image_animation=&#8221;none&#8221; border_type=&#8221;simple&#8221; column_border_width=&#8221;none&#8221; column_border_style=&#8221;solid&#8221;][divider line_type=&#8221;No Line&#8221; custom_height=&#8221;30px&#8221; custom_height_phone=&#8221;20px&#8221;][vc_custom_heading text=&#8221;Inspeccionem a totes les prov\u00edncies&#8221; font_container=&#8221;tag:h2|text_align:center|color:%23436c93&#8243; use_theme_fonts=&#8221;yes&#8221;][divider line_type=&#8221;No Line&#8221; custom_height=&#8221;30px&#8221; custom_height_phone=&#8221;20px&#8221;][vc_column_text]\n<div style=\"font-size: 16px;\">\n<p style=\"text-align: center;\">Oferim serveis d&#8217;<strong>inspecci\u00f3 a totes les prov\u00edncies d&#8217;Espanya<\/strong> i abastem cada rac\u00f3 del territori nacional. Des de les principals ciutats fins a les localitats m\u00e9s petites, el nostre comprom\u00eds \u00e9s garantir la qualitat, seguretat i compliment a qualsevol ubicaci\u00f3 dins del pa\u00eds. Ja sigui a Andalusia, Gal\u00edcia, Catalunya o qualsevol altra comunitat aut\u00f2noma, estem a punt per atendre les teves necessitats amb professionalisme i proximitat.  <\/p>\n<\/div>\n[\/vc_column_text][divider line_type=&#8221;No Line&#8221;][vc_row_inner column_margin=&#8221;default&#8221; column_direction=&#8221;default&#8221; column_direction_tablet=&#8221;default&#8221; column_direction_phone=&#8221;default&#8221; text_align=&#8221;left&#8221; row_position=&#8221;default&#8221; row_position_tablet=&#8221;inherit&#8221; row_position_phone=&#8221;inherit&#8221; overflow=&#8221;visible&#8221; pointer_events=&#8221;all&#8221;][vc_column_inner column_padding=&#8221;padding-2-percent&#8221; column_padding_tablet=&#8221;inherit&#8221; column_padding_phone=&#8221;inherit&#8221; column_padding_position=&#8221;right&#8221; column_element_direction_desktop=&#8221;default&#8221; column_element_spacing=&#8221;default&#8221; desktop_text_alignment=&#8221;default&#8221; tablet_text_alignment=&#8221;default&#8221; phone_text_alignment=&#8221;default&#8221; background_color_opacity=&#8221;1&#8243; background_hover_color_opacity=&#8221;1&#8243; column_backdrop_filter=&#8221;none&#8221; column_shadow=&#8221;none&#8221; column_border_radius=&#8221;none&#8221; column_link_target=&#8221;_self&#8221; overflow=&#8221;visible&#8221; gradient_direction=&#8221;left_to_right&#8221; overlay_strength=&#8221;0.3&#8243; width=&#8221;1\/3&#8243; tablet_width_inherit=&#8221;default&#8221; animation_type=&#8221;default&#8221; bg_image_animation=&#8221;none&#8221; border_type=&#8221;simple&#8221; column_border_width=&#8221;none&#8221; column_border_style=&#8221;solid&#8221;][vc_column_text css=&#8221;.vc_custom_1737628092610{margin-bottom: 18px !important;}&#8221;]\n<h5>Andalusia<\/h5>\n[\/vc_column_text][divider line_type=&#8221;No Line&#8221;]<div class=\"nectar-fancy-ul font_size_desktop_15px\" data-list-icon=\"icon-salient-thin-line\" data-animation=\"true\" data-animation-delay=\"0\" data-color=\"extra-color-3\" data-spacing=\"default\" data-alignment=\"left\"> \n<ul>\n<li><a href=\"https:\/\/hausum.com\/home-inspector\/almeria\/\">Inspeccionar a Almeria<\/a><\/li>\n<li><a href=\"https:\/\/hausum.com\/home-inspector\/cadiz\/\">Inspeccionar a C\u00e1diz<\/a><\/li>\n<li><a href=\"https:\/\/hausum.com\/home-inspector\/cordoba\/\">Inspeccionar a C\u00f3rdoba<\/a><\/li>\n<li><a href=\"https:\/\/hausum.com\/home-inspector\/granada\/\">Inspeccionar a Granada<\/a><\/li>\n<li><a href=\"https:\/\/hausum.com\/home-inspector\/huelva\/\">Inspeccionar a Huelva<\/a><\/li>\n<li><a href=\"https:\/\/hausum.com\/home-inspector\/jaen\/\">Inspeccionar a Ja\u00e9n<\/a><\/li>\n<li><a href=\"https:\/\/hausum.com\/home-inspector\/malaga\/\">Inspeccionar a M\u00e1laga<\/a><\/li>\n<li><a href=\"https:\/\/hausum.com\/home-inspector\/sevilla\/\">Inspeccionar a Sevilla<\/a><\/li>\n<\/ul>\n <\/div>[vc_column_text css=&#8221;.vc_custom_1737623502935{margin-bottom: 18px !important;}&#8221;]\n<h5>Arag\u00f3n<\/h5>\n[\/vc_column_text][divider line_type=&#8221;No Line&#8221;]<div class=\"nectar-fancy-ul font_size_desktop_15px\" data-list-icon=\"icon-salient-thin-line\" data-animation=\"true\" data-animation-delay=\"0\" data-color=\"extra-color-3\" data-spacing=\"default\" data-alignment=\"left\"> \n<ul>\n<li><a href=\"https:\/\/hausum.com\/home-inspector\/huesca\/\">Inspeccionar a Huesca<\/a><\/li>\n<li><a href=\"https:\/\/hausum.com\/home-inspector\/teruel\/\">Inspeccionar a Teruel<\/a><\/li>\n<li><a href=\"https:\/\/hausum.com\/home-inspector\/zaragoza\/\">Inspeccionar a Saragossa<\/a><\/li>\n<\/ul>\n <\/div>[vc_column_text css=&#8221;.vc_custom_1737623894725{margin-bottom: 18px !important;}&#8221;]\n<h5>Asturias<\/h5>\n[\/vc_column_text][divider line_type=&#8221;No Line&#8221;]<div class=\"nectar-fancy-ul font_size_desktop_15px\" data-list-icon=\"icon-salient-thin-line\" data-animation=\"true\" data-animation-delay=\"0\" data-color=\"extra-color-3\" data-spacing=\"default\" data-alignment=\"left\"> \n<ul>\n<li>Inspeccionar a Asturias<\/li>\n<\/ul>\n <\/div>[vc_column_text css=&#8221;.vc_custom_1737623932108{margin-bottom: 18px !important;}&#8221;]\n<h5>Illes Balears<\/h5>\n[\/vc_column_text][divider line_type=&#8221;No Line&#8221;]<div class=\"nectar-fancy-ul font_size_desktop_15px\" data-list-icon=\"icon-salient-thin-line\" data-animation=\"true\" data-animation-delay=\"0\" data-color=\"extra-color-3\" data-spacing=\"default\" data-alignment=\"left\"> \n<ul>\n<li><a href=\"https:\/\/hausum.com\/home-inspector\/mallorca\/\">Inspeccionar a Illes Balears<\/a><\/li>\n<\/ul>\n <\/div>[vc_column_text css=&#8221;.vc_custom_1737623956964{margin-bottom: 18px !important;}&#8221;]\n<h5>Canaries<\/h5>\n[\/vc_column_text][divider line_type=&#8221;No Line&#8221;]<div class=\"nectar-fancy-ul font_size_desktop_15px\" data-list-icon=\"icon-salient-thin-line\" data-animation=\"true\" data-animation-delay=\"0\" data-color=\"extra-color-3\" data-spacing=\"default\" data-alignment=\"left\"> \n<ul>\n<li>Inspeccionar a Las Palmas<\/li>\n<li>Inspeccionar a Santa Cruz de Tenerife<\/li>\n<\/ul>\n <\/div>[vc_column_text css=&#8221;.vc_custom_1737623978250{margin-bottom: 18px !important;}&#8221;]\n<h5>Cantabria<\/h5>\n[\/vc_column_text][divider line_type=&#8221;No Line&#8221;]<div class=\"nectar-fancy-ul font_size_desktop_15px\" data-list-icon=\"icon-salient-thin-line\" data-animation=\"true\" data-animation-delay=\"0\" data-color=\"extra-color-3\" data-spacing=\"default\" data-alignment=\"left\"> \n<ul>\n<li>Inspeccionar a Cantabria<\/li>\n<\/ul>\n <\/div>[\/vc_column_inner][vc_column_inner column_padding=&#8221;no-extra-padding&#8221; column_padding_tablet=&#8221;inherit&#8221; column_padding_phone=&#8221;inherit&#8221; column_padding_position=&#8221;all&#8221; column_element_direction_desktop=&#8221;default&#8221; column_element_spacing=&#8221;default&#8221; desktop_text_alignment=&#8221;default&#8221; tablet_text_alignment=&#8221;default&#8221; phone_text_alignment=&#8221;default&#8221; background_color_opacity=&#8221;1&#8243; background_hover_color_opacity=&#8221;1&#8243; column_backdrop_filter=&#8221;none&#8221; column_shadow=&#8221;none&#8221; column_border_radius=&#8221;none&#8221; column_link_target=&#8221;_self&#8221; overflow=&#8221;visible&#8221; gradient_direction=&#8221;left_to_right&#8221; overlay_strength=&#8221;0.3&#8243; width=&#8221;1\/3&#8243; tablet_width_inherit=&#8221;default&#8221; animation_type=&#8221;default&#8221; bg_image_animation=&#8221;none&#8221; border_type=&#8221;simple&#8221; column_border_width=&#8221;none&#8221; column_border_style=&#8221;solid&#8221;][vc_column_text css=&#8221;.vc_custom_1737624009814{margin-bottom: 18px !important;}&#8221;]\n<h5>Castilla-La Mancha<\/h5>\n[\/vc_column_text][divider line_type=&#8221;No Line&#8221;]<div class=\"nectar-fancy-ul font_size_desktop_15px\" data-list-icon=\"icon-salient-thin-line\" data-animation=\"true\" data-animation-delay=\"0\" data-color=\"extra-color-3\" data-spacing=\"default\" data-alignment=\"left\"> \n<ul>\n<li><a href=\"https:\/\/hausum.com\/home-inspector\/albacete\/\">Inspeccionar a Albacete<\/a><\/li>\n<li><a href=\"https:\/\/hausum.com\/home-inspector\/ciudad-real\/\">Inspeccionar a Ciudad Real<\/a><\/li>\n<li><a href=\"https:\/\/hausum.com\/home-inspector\/cuenca\/\">Inspeccionar a Cuenca<\/a><\/li>\n<li><a href=\"https:\/\/hausum.com\/home-inspector\/guadalajara\/\">Inspeccionar a Guadalajara<\/a><\/li>\n<li><a href=\"https:\/\/hausum.com\/home-inspector\/toledo\/\">Inspeccionar a Toledo<\/a><\/li>\n<\/ul>\n <\/div>[vc_column_text css=&#8221;.vc_custom_1737624035644{margin-bottom: 18px !important;}&#8221;]\n<h5>Castilla y Le\u00f3n<\/h5>\n[\/vc_column_text][divider line_type=&#8221;No Line&#8221;]<div class=\"nectar-fancy-ul font_size_desktop_15px\" data-list-icon=\"icon-salient-thin-line\" data-animation=\"true\" data-animation-delay=\"0\" data-color=\"extra-color-3\" data-spacing=\"default\" data-alignment=\"left\"> \n<ul>\n<li><a href=\"https:\/\/hausum.com\/home-inspector\/avila\/\">Inspeccionar a \u00c1vila<\/a><\/li>\n<li><a href=\"https:\/\/hausum.com\/home-inspector\/burgos\/\">Inspeccionar a Burgos<\/a><\/li>\n<li><a href=\"https:\/\/hausum.com\/home-inspector\/leon\/\">Inspeccionar a Le\u00f3n<\/a><\/li>\n<li><a href=\"https:\/\/hausum.com\/home-inspector\/palencia\/\">Inspeccionar a Palencia<\/a><\/li>\n<li><a href=\"https:\/\/hausum.com\/home-inspector\/salamanca\/\">Inspeccionar a Salamanca<\/a><\/li>\n<li><a href=\"https:\/\/hausum.com\/home-inspector\/segovia\/\">Inspeccionar a Segovia<\/a><\/li>\n<li><a href=\"https:\/\/hausum.com\/home-inspector\/soria\/\">Inspeccionar a Soria<\/a><\/li>\n<li><a href=\"https:\/\/hausum.com\/home-inspector\/valladolid\/\">Inspeccionar a Valladolid<\/a><\/li>\n<li><a href=\"https:\/\/hausum.com\/home-inspector\/zamora\/\">Inspeccionar a Zamora<\/a><\/li>\n<\/ul>\n <\/div>[vc_column_text css=&#8221;.vc_custom_1737624399487{margin-bottom: 18px !important;}&#8221;]\n<h5>Catalunya<\/h5>\n[\/vc_column_text][divider line_type=&#8221;No Line&#8221;]<div class=\"nectar-fancy-ul font_size_desktop_15px\" data-list-icon=\"icon-salient-thin-line\" data-animation=\"true\" data-animation-delay=\"0\" data-color=\"extra-color-3\" data-spacing=\"default\" data-alignment=\"left\"> \n<ul>\n<li><a href=\"https:\/\/hausum.com\/home-inspector\/barcelona\/\">Inspeccionar a Barcelona<\/a><\/li>\n<li><a href=\"https:\/\/hausum.com\/home-inspector\/girona\/\">Inspeccionar a Girona<\/a><\/li>\n<li><a href=\"https:\/\/hausum.com\/home-inspector\/lleida\/\">Inspeccionar a Lleida<\/a><\/li>\n<li><a href=\"https:\/\/hausum.com\/home-inspector\/tarragona\/\">Inspeccionar a Tarragona<\/a><\/li>\n<\/ul>\n <\/div>[vc_column_text css=&#8221;.vc_custom_1737624411151{margin-bottom: 18px !important;}&#8221;]\n<h5>Extremadura<\/h5>\n[\/vc_column_text][divider line_type=&#8221;No Line&#8221;]<div class=\"nectar-fancy-ul font_size_desktop_15px\" data-list-icon=\"icon-salient-thin-line\" data-animation=\"true\" data-animation-delay=\"0\" data-color=\"extra-color-3\" data-spacing=\"default\" data-alignment=\"left\"> \n<ul>\n<li><a href=\"https:\/\/hausum.com\/home-inspector\/badajoz\/\">Inspeccionar a Badajoz<\/a><\/li>\n<li><a href=\"https:\/\/hausum.com\/home-inspector\/caceres\/\">Inspeccionar a C\u00e1ceres<\/a><\/li>\n<\/ul>\n <\/div>[\/vc_column_inner][vc_column_inner column_padding=&#8221;no-extra-padding&#8221; column_padding_tablet=&#8221;inherit&#8221; column_padding_phone=&#8221;inherit&#8221; column_padding_position=&#8221;all&#8221; column_element_direction_desktop=&#8221;default&#8221; column_element_spacing=&#8221;default&#8221; desktop_text_alignment=&#8221;default&#8221; tablet_text_alignment=&#8221;default&#8221; phone_text_alignment=&#8221;default&#8221; background_color_opacity=&#8221;1&#8243; background_hover_color_opacity=&#8221;1&#8243; column_backdrop_filter=&#8221;none&#8221; column_shadow=&#8221;none&#8221; column_border_radius=&#8221;none&#8221; column_link_target=&#8221;_self&#8221; overflow=&#8221;visible&#8221; gradient_direction=&#8221;left_to_right&#8221; overlay_strength=&#8221;0.3&#8243; width=&#8221;1\/3&#8243; tablet_width_inherit=&#8221;default&#8221; animation_type=&#8221;default&#8221; bg_image_animation=&#8221;none&#8221; border_type=&#8221;simple&#8221; column_border_width=&#8221;none&#8221; column_border_style=&#8221;solid&#8221;][vc_column_text css=&#8221;.vc_custom_1737624420842{margin-bottom: 18px !important;}&#8221;]\n<h5>Galicia<\/h5>\n[\/vc_column_text][divider line_type=&#8221;No Line&#8221;]<div class=\"nectar-fancy-ul font_size_desktop_15px\" data-list-icon=\"icon-salient-thin-line\" data-animation=\"true\" data-animation-delay=\"0\" data-color=\"extra-color-3\" data-spacing=\"default\" data-alignment=\"left\"> \n<ul>\n<li>Inspeccionar a A Coru\u00f1a<\/li>\n<li><a href=\"https:\/\/hausum.com\/home-inspector\/lugo\/\">Inspeccionar a Lugo<\/a><\/li>\n<li>Inspeccionar a Ourense<\/li>\n<li><a href=\"https:\/\/hausum.com\/home-inspector\/pontevedra\/\">Inspeccionar a Pontevedra<\/a><\/li>\n<\/ul>\n <\/div>[vc_column_text css=&#8221;.vc_custom_1737624430735{margin-bottom: 18px !important;}&#8221;]\n<h5>Madrid<\/h5>\n[\/vc_column_text][divider line_type=&#8221;No Line&#8221;]<div class=\"nectar-fancy-ul font_size_desktop_15px\" data-list-icon=\"icon-salient-thin-line\" data-animation=\"true\" data-animation-delay=\"0\" data-color=\"extra-color-3\" data-spacing=\"default\" data-alignment=\"left\"> \n<ul>\n<li><a href=\"https:\/\/hausum.com\/home-inspector\/madrid\/\">Inspeccionar a Madrid<\/a><\/li>\n<\/ul>\n <\/div>[vc_column_text css=&#8221;.vc_custom_1737624442976{margin-bottom: 18px !important;}&#8221;]\n<h5>Murcia<\/h5>\n[\/vc_column_text][divider line_type=&#8221;No Line&#8221;]<div class=\"nectar-fancy-ul font_size_desktop_15px\" data-list-icon=\"icon-salient-thin-line\" data-animation=\"true\" data-animation-delay=\"0\" data-color=\"extra-color-3\" data-spacing=\"default\" data-alignment=\"left\"> \n<ul>\n<li>Inspeccionar a Murcia<\/li>\n<\/ul>\n <\/div>[vc_column_text css=&#8221;.vc_custom_1737624455127{margin-bottom: 18px !important;}&#8221;]\n<h5>Navarra<\/h5>\n[\/vc_column_text][divider line_type=&#8221;No Line&#8221;]<div class=\"nectar-fancy-ul font_size_desktop_15px\" data-list-icon=\"icon-salient-thin-line\" data-animation=\"true\" data-animation-delay=\"0\" data-color=\"extra-color-3\" data-spacing=\"default\" data-alignment=\"left\"> \n<ul>\n<li>Inspeccionar a Navarra<\/li>\n<\/ul>\n <\/div>[vc_column_text css=&#8221;.vc_custom_1737624465440{margin-bottom: 18px !important;}&#8221;]\n<h5>La Rioja<\/h5>\n[\/vc_column_text][divider line_type=&#8221;No Line&#8221;]<div class=\"nectar-fancy-ul font_size_desktop_15px\" data-list-icon=\"icon-salient-thin-line\" data-animation=\"true\" data-animation-delay=\"0\" data-color=\"extra-color-3\" data-spacing=\"default\" data-alignment=\"left\"> \n<ul>\n<li>Inspeccionar a La Rioja<\/li>\n<\/ul>\n <\/div>[vc_column_text css=&#8221;.vc_custom_1737624477447{margin-bottom: 18px !important;}&#8221;]\n<h5>Pa\u00eds Basc<\/h5>\n[\/vc_column_text][divider line_type=&#8221;No Line&#8221;]<div class=\"nectar-fancy-ul font_size_desktop_15px\" data-list-icon=\"icon-salient-thin-line\" data-animation=\"true\" data-animation-delay=\"0\" data-color=\"extra-color-3\" data-spacing=\"default\" data-alignment=\"left\"> \n<ul>\n<li>Inspeccionar a \u00c1lava<\/li>\n<li>Inspeccionar a Gipuzkoa<\/li>\n<li>Inspeccionar a Bizkaia<\/li>\n<\/ul>\n <\/div>[vc_column_text css=&#8221;.vc_custom_1737624515798{margin-bottom: 18px !important;}&#8221;]\n<h5>Val\u00e8ncia (Comunitat Valenciana)<\/h5>\n[\/vc_column_text][divider line_type=&#8221;No Line&#8221;]<div class=\"nectar-fancy-ul font_size_desktop_15px\" data-list-icon=\"icon-salient-thin-line\" data-animation=\"true\" data-animation-delay=\"0\" data-color=\"extra-color-3\" data-spacing=\"default\" data-alignment=\"left\"> \n<ul>\n<li><a href=\"https:\/\/hausum.com\/home-inspector\/alicante\/\">Inspeccionar a Alicante<\/a><\/li>\n<li><a href=\"https:\/\/hausum.com\/home-inspector\/castellon\/\">Inspeccionar a Castell\u00f3n<\/a><\/li>\n<li><a href=\"https:\/\/hausum.com\/home-inspector\/valencia\/\">Inspeccionar a Val\u00e8ncia<\/a><\/li>\n<\/ul>\n <\/div>[\/vc_column_inner][\/vc_row_inner][\/vc_column][\/vc_row]\n","protected":false},"excerpt":{"rendered":"<p>[vc_row type=&#8221;full_width_background&#8221; full_screen_row_position=&#8221;middle&#8221; column_margin=&#8221;default&#8221; column_direction=&#8221;default&#8221; column_direction_tablet=&#8221;default&#8221; column_direction_phone=&#8221;default&#8221; bg_color=&#8221;#ffffff&#8221; scene_position=&#8221;center&#8221; bottom_padding=&#8221;50px&#8221; bottom_padding_phone=&#8221;30px&#8221; text_color=&#8221;dark&#8221; text_align=&#8221;left&#8221; row_border_radius=&#8221;none&#8221; row_border_radius_applies=&#8221;bg&#8221; overflow=&#8221;visible&#8221; overlay_strength=&#8221;0.3&#8243; gradient_direction=&#8221;left_to_right&#8221; shape_divider_position=&#8221;bottom&#8221; bg_image_animation=&#8221;none&#8221; gradient_type=&#8221;default&#8221; shape_type=&#8221;&#8221;][vc_column column_padding=&#8221;no-extra-padding&#8221; column_padding_tablet=&#8221;inherit&#8221; column_padding_phone=&#8221;inherit&#8221; column_padding_position=&#8221;all&#8221; column_element_direction_desktop=&#8221;default&#8221; column_element_spacing=&#8221;default&#8221; desktop_text_alignment=&#8221;default&#8221; tablet_text_alignment=&#8221;default&#8221;&#8230;<\/p>\n","protected":false},"author":1,"featured_media":0,"parent":0,"menu_order":0,"comment_status":"closed","ping_status":"closed","template":"","meta":{"_acf_changed":false,"inline_featured_image":false,"footnotes":""},"class_list":["post-24008","page","type-page","status-publish"],"acf":[],"_links":{"self":[{"href":"https:\/\/hausum.com\/ca\/wp-json\/wp\/v2\/pages\/24008","targetHints":{"allow":["GET"]}}],"collection":[{"href":"https:\/\/hausum.com\/ca\/wp-json\/wp\/v2\/pages"}],"about":[{"href":"https:\/\/hausum.com\/ca\/wp-json\/wp\/v2\/types\/page"}],"author":[{"embeddable":true,"href":"https:\/\/hausum.com\/ca\/wp-json\/wp\/v2\/users\/1"}],"replies":[{"embeddable":true,"href":"https:\/\/hausum.com\/ca\/wp-json\/wp\/v2\/comments?post=24008"}],"version-history":[{"count":2,"href":"https:\/\/hausum.com\/ca\/wp-json\/wp\/v2\/pages\/24008\/revisions"}],"predecessor-version":[{"id":24010,"href":"https:\/\/hausum.com\/ca\/wp-json\/wp\/v2\/pages\/24008\/revisions\/24010"}],"wp:attachment":[{"href":"https:\/\/hausum.com\/ca\/wp-json\/wp\/v2\/media?parent=24008"}],"curies":[{"name":"wp","href":"https:\/\/api.w.org\/{rel}","templated":true}]}}